{"id":5368004,"date":"2022-12-29T20:48:06","date_gmt":"2022-12-29T19:48:06","guid":{"rendered":"https:\/\/uzei.eus\/?page_id=5368004"},"modified":"2025-06-26T12:04:05","modified_gmt":"2025-06-26T11:04:05","slug":"sobre-la-neoloteka","status":"publish","type":"page","link":"https:\/\/uzei.eus\/es\/sobre-la-neoloteka\/","title":{"rendered":"Sobre la Neoloteka"},"content":{"rendered":"<section class=\"l-section wpb_row height_medium\"><div class=\"l-section-h i-cf\"><div class=\"g-cols vc_row via_flex valign_top type_default stacking_default\"><div class=\"vc_col-sm-12 wpb_column vc_column_container\"><div class=\"vc_column-inner\"><div class=\"wpb_wrapper\"><div class=\"g-cols wpb_row via_flex valign_top type_default stacking_default\"><\/div><div class=\"vc_col-sm-12 wpb_column vc_column_container\"><div class=\"vc_column-inner\"><div class=\"wpb_wrapper\"><\/div><\/div><\/div><div class=\"wpb_text_column\"><div class=\"wpb_wrapper\"><h1>Sobre la <em>Neoloteka<\/em><\/h1>\n<p>&nbsp;<\/p>\n<p>Los neologismos son el eje del proyecto <em>Neoloteka<\/em> de UZEI.<\/p>\n<p>La necesaria adaptaci\u00f3n de la lengua a la evoluci\u00f3n de la sociedad y a las innovaciones cient\u00edficas y t\u00e9cnicas tiene como consecuencia directa la incorporaci\u00f3n a la lengua de nuevos conceptos y formas l\u00e9xicas. El estudio de los neologismos es una tarea ineludible para cualquier lengua, m\u00e1s a\u00fan si, como en el caso del euskera, no ha concluido el proceso de normalizaci\u00f3n ling\u00fc\u00edstica.<\/p>\n<p>El euskera incorpora constantemente nuevas expresiones y t\u00e9rminos (neologismos), bien a trav\u00e9s de pr\u00e9stamos de otras lenguas, bien mediante los mecanismos inherentes a la propia lengua.<\/p>\n<p>El objetivo de la <em>Neoloteka<\/em> es crear un observatorio para identificar, recopilar, revisar y poner a disposici\u00f3n de cualquier persona las formas l\u00e9xicas de reciente incorporaci\u00f3n al euskera. Este tipo de proyectos son habituales en otras lenguas, y ejemplo de ello son, entre otros, los observatorios de neologismos del catal\u00e1n y del castellano. En vista de que tambi\u00e9n el euskera necesita de este tipo de iniciativas, UZEI ha apostado por poner en marcha la <em>Neoloteka<\/em>.<\/p>\n<p>En ella se incluir\u00e1n formas ling\u00fc\u00edsticas que, a pesar de su uso en euskera, no han sido a\u00fan recogidas en las obras lexicogr\u00e1ficas de referencia, sin que ello sea \u00f3bice para que, eventualmente, alguna de las palabras o expresiones tambi\u00e9n haya podida recogerse en alg\u00fan diccionario. En cualquier caso, se utilizar\u00e1 como corpus de exclusi\u00f3n la \u00faltima versi\u00f3n publicada en papel del diccionario normativo de Euskaltzaindia (del a\u00f1o 2016), por lo que, las formas que aparecen en dicha obra no se recopilar\u00e1n en la <em>Neoloteka<\/em>.<\/p>\n<p>En el momento de su publicaci\u00f3n, la <em>Neoloteka<\/em> cuenta con un total de 50 neologismos, a los que se le ir\u00e1n sumando constantemente nuevas formas l\u00e9xicas, previsiblemente, a un ritmo de 20 entradas al mes.<\/p>\n<p>Atendiendo al <a href=\"https:\/\/uzei.eus\/emakundek-emakumeen-eta-gizonen-berdintasunerako-lankidetza-erakunde-izendatu-du-uzei\/\">compromiso<\/a> de UZEI con la igualdad de mujeres y hombres, se excluir\u00e1n expresamente de este portal las expresiones de lenguaje sexista.<\/p>\n<p>La <em>Neoloteka<\/em> es un proyecto a largo plazo, que nace con la vocaci\u00f3n de continuar creciendo y recopilando permanentemente los elementos l\u00e9xicos de reciente incorporaci\u00f3n al euskera.<\/p>\n<div id=\"translation_text\">\n<div class=\"jumbotron-text\">\n<div class=\"row\">\n<div class=\"col-md-12 col-xs-12\">Este proyecto cuenta con el apoyo de Laboral Kutxa, y ha sido subvencionado por el Departamento de Cultura y Pol\u00edtica Ling\u00fc\u00edstica del Gobierno Vasco y la Direcci\u00f3n General de Igualdad Ling\u00fc\u00edstica de la Diputaci\u00f3n Foral de Gipuzkoa.<\/div>\n<\/div>\n<\/div>\n<\/div>\n<p><em data-wp-editing=\"1\"><img decoding=\"async\" class=\"wp-image-2451 size-full aligncenter\" src=\"https:\/\/uzei.eus\/wp-content\/uploads\/2022\/06\/Logo-Laboral-Kutxa1.svg\" alt=\"\" \/><\/em><\/p>\n<p><em><img loading=\"lazy\" decoding=\"async\" class=\"aligncenter wp-image-5368275\" src=\"https:\/\/uzei.eus\/wp-content\/uploads\/2023\/01\/GFA-568x400.png\" alt=\"\" width=\"256\" height=\"180\" srcset=\"https:\/\/uzei.eus\/wp-content\/uploads\/2023\/01\/GFA-568x400.png 568w, https:\/\/uzei.eus\/wp-content\/uploads\/2023\/01\/GFA-300x211.png 300w, https:\/\/uzei.eus\/wp-content\/uploads\/2023\/01\/GFA-1024x721.png 1024w, https:\/\/uzei.eus\/wp-content\/uploads\/2023\/01\/GFA-680x479.png 680w, https:\/\/uzei.eus\/wp-content\/uploads\/2023\/01\/GFA-294x207.png 294w, https:\/\/uzei.eus\/wp-content\/uploads\/2023\/01\/GFA.png 1238w\" sizes=\"auto, (max-width: 256px) 100vw, 256px\" \/><\/em><\/p>\n<p><em><a href=\"https:\/\/www.euskadi.eus\/eusko-jaurlaritza\/kultura-hizkuntza-politika-saila\/\"><img loading=\"lazy\" decoding=\"async\" class=\"aligncenter wp-image-5370845 size-full\" src=\"https:\/\/uzei.eus\/wp-content\/uploads\/2024\/03\/EJ_logoa.png\" alt=\"\" width=\"300\" height=\"136\" srcset=\"https:\/\/uzei.eus\/wp-content\/uploads\/2024\/03\/EJ_logoa.png 300w, https:\/\/uzei.eus\/wp-content\/uploads\/2024\/03\/EJ_logoa-294x133.png 294w\" sizes=\"auto, (max-width: 300px) 100vw, 300px\" \/><\/a><\/em><br \/>\nPara completar la <em>Neoloteca<\/em>, rastreamos y analizamos constantemente la producci\u00f3n escrita de la revista Aizu!, del semanario Argia, del diario Berria, de EITB y del semanario Goiena, de acuerdo con lo establecido en los convenios firmados esos medios de comunicaci\u00f3n.<\/p>\n<p><a href=\"https:\/\/www.aizu.eus\/\"><img loading=\"lazy\" decoding=\"async\" class=\"aligncenter wp-image-5372214 size-medium\" src=\"https:\/\/uzei.eus\/wp-content\/uploads\/2025\/06\/aizu-logoa-300x140.png\" alt=\"\" width=\"300\" height=\"140\" srcset=\"https:\/\/uzei.eus\/wp-content\/uploads\/2025\/06\/aizu-logoa-300x140.png 300w, https:\/\/uzei.eus\/wp-content\/uploads\/2025\/06\/aizu-logoa-294x137.png 294w, https:\/\/uzei.eus\/wp-content\/uploads\/2025\/06\/aizu-logoa.png 591w\" sizes=\"auto, (max-width: 300px) 100vw, 300px\" \/><\/a><a href=\"http:\/\/argia.eus\"><img loading=\"lazy\" decoding=\"async\" class=\"aligncenter wp-image-5368523\" src=\"https:\/\/uzei.eus\/wp-content\/uploads\/2023\/02\/ARGIA_Logoa_H2-1-600x117.jpg\" alt=\"\" width=\"247\" height=\"48\" srcset=\"https:\/\/uzei.eus\/wp-content\/uploads\/2023\/02\/ARGIA_Logoa_H2-1-600x117.jpg 600w, https:\/\/uzei.eus\/wp-content\/uploads\/2023\/02\/ARGIA_Logoa_H2-1-300x58.jpg 300w, https:\/\/uzei.eus\/wp-content\/uploads\/2023\/02\/ARGIA_Logoa_H2-1-1024x199.jpg 1024w, https:\/\/uzei.eus\/wp-content\/uploads\/2023\/02\/ARGIA_Logoa_H2-1-1314x255.jpg 1314w, https:\/\/uzei.eus\/wp-content\/uploads\/2023\/02\/ARGIA_Logoa_H2-1-294x57.jpg 294w\" sizes=\"auto, (max-width: 247px) 100vw, 247px\" \/><\/a><a href=\"http:\/\/berria.eus\"><img loading=\"lazy\" decoding=\"async\" class=\"aligncenter wp-image-5368472\" src=\"https:\/\/uzei.eus\/wp-content\/uploads\/2023\/02\/berria.png\" alt=\"\" width=\"248\" height=\"77\" srcset=\"https:\/\/uzei.eus\/wp-content\/uploads\/2023\/02\/berria.png 402w, https:\/\/uzei.eus\/wp-content\/uploads\/2023\/02\/berria-300x93.png 300w, https:\/\/uzei.eus\/wp-content\/uploads\/2023\/02\/berria-294x91.png 294w\" sizes=\"auto, (max-width: 248px) 100vw, 248px\" \/><\/a><a href=\"https:\/\/www.eitb.eus\/\"><img loading=\"lazy\" decoding=\"async\" class=\"wp-image-5368843 aligncenter\" src=\"https:\/\/uzei.eus\/wp-content\/uploads\/2023\/03\/Eitb_corp.svg-600x239.png\" alt=\"\" width=\"248\" height=\"99\" srcset=\"https:\/\/uzei.eus\/wp-content\/uploads\/2023\/03\/Eitb_corp.svg-600x239.png 600w, https:\/\/uzei.eus\/wp-content\/uploads\/2023\/03\/Eitb_corp.svg-300x119.png 300w, https:\/\/uzei.eus\/wp-content\/uploads\/2023\/03\/Eitb_corp.svg-1024x407.png 1024w, https:\/\/uzei.eus\/wp-content\/uploads\/2023\/03\/Eitb_corp.svg-294x117.png 294w, https:\/\/uzei.eus\/wp-content\/uploads\/2023\/03\/Eitb_corp.svg.png 1200w\" sizes=\"auto, (max-width: 248px) 100vw, 248px\" \/><\/a><a href=\"https:\/\/goiena.eus\/\"><img loading=\"lazy\" decoding=\"async\" class=\"wp-image-5370868 size-medium aligncenter\" src=\"https:\/\/uzei.eus\/wp-content\/uploads\/2024\/03\/Goiena-300x93.png\" alt=\"Goienaren logoa\" width=\"300\" height=\"93\" srcset=\"https:\/\/uzei.eus\/wp-content\/uploads\/2024\/03\/Goiena-300x93.png 300w, https:\/\/uzei.eus\/wp-content\/uploads\/2024\/03\/Goiena-600x187.png 600w, https:\/\/uzei.eus\/wp-content\/uploads\/2024\/03\/Goiena-294x91.png 294w, https:\/\/uzei.eus\/wp-content\/uploads\/2024\/03\/Goiena.png 1000w\" sizes=\"auto, (max-width: 300px) 100vw, 300px\" \/><\/a><\/p>\n<\/div><\/div><\/div><\/div><\/div><\/div><\/div><\/section>\n","protected":false},"excerpt":{"rendered":"Sobre la Neoloteka &nbsp; Los neologismos son el eje del proyecto Neoloteka de UZEI. La necesaria adaptaci\u00f3n de la lengua a la evoluci\u00f3n de la sociedad y a las innovaciones cient\u00edficas y t\u00e9cnicas tiene como consecuencia directa la incorporaci\u00f3n a la lengua de nuevos conceptos y formas l\u00e9xicas. El estudio de los neologismos es una...","protected":false},"author":2,"featured_media":0,"parent":0,"menu_order":0,"comment_status":"closed","ping_status":"closed","template":"","meta":{"_acf_changed":false,"footnotes":""},"class_list":["post-5368004","page","type-page","status-publish","hentry"],"acf":[],"_links":{"self":[{"href":"https:\/\/uzei.eus\/es\/wp-json\/wp\/v2\/pages\/5368004","targetHints":{"allow":["GET"]}}],"collection":[{"href":"https:\/\/uzei.eus\/es\/wp-json\/wp\/v2\/pages"}],"about":[{"href":"https:\/\/uzei.eus\/es\/wp-json\/wp\/v2\/types\/page"}],"author":[{"embeddable":true,"href":"https:\/\/uzei.eus\/es\/wp-json\/wp\/v2\/users\/2"}],"replies":[{"embeddable":true,"href":"https:\/\/uzei.eus\/es\/wp-json\/wp\/v2\/comments?post=5368004"}],"version-history":[{"count":29,"href":"https:\/\/uzei.eus\/es\/wp-json\/wp\/v2\/pages\/5368004\/revisions"}],"predecessor-version":[{"id":5372225,"href":"https:\/\/uzei.eus\/es\/wp-json\/wp\/v2\/pages\/5368004\/revisions\/5372225"}],"wp:attachment":[{"href":"https:\/\/uzei.eus\/es\/wp-json\/wp\/v2\/media?parent=5368004"}],"curies":[{"name":"wp","href":"https:\/\/api.w.org\/{rel}","templated":true}]}}