{"id":5367102,"date":"2022-10-20T09:55:18","date_gmt":"2022-10-20T08:55:18","guid":{"rendered":"https:\/\/uzei.eus\/?page_id=5367102"},"modified":"2022-10-21T08:22:18","modified_gmt":"2022-10-21T07:22:18","slug":"azken-neologismoak","status":"publish","type":"page","link":"https:\/\/uzei.eus\/es\/azken-neologismoak\/","title":{"rendered":"Azken neologismoak"},"content":{"rendered":"<section class=\"l-section wpb_row us_custom_dc122a51 height_auto width_full\"><div class=\"l-section-h i-cf\"><div class=\"g-cols vc_row via_flex valign_top type_default stacking_default\"><div class=\"vc_col-sm-12 wpb_column vc_column_container\"><div class=\"vc_column-inner\"><div class=\"wpb_wrapper\"><div class=\"w-image us_custom_e64aec95 align_none\"><div class=\"w-image-h\"><img decoding=\"async\" width=\"1920\" height=\"308\" src=\"https:\/\/uzei.eus\/wp-content\/uploads\/2022\/10\/Grupo-6123-1.png\" class=\"attachment-full size-full\" alt=\"\" loading=\"lazy\" srcset=\"https:\/\/uzei.eus\/wp-content\/uploads\/2022\/10\/Grupo-6123-1.png 1920w, https:\/\/uzei.eus\/wp-content\/uploads\/2022\/10\/Grupo-6123-1-300x48.png 300w, https:\/\/uzei.eus\/wp-content\/uploads\/2022\/10\/Grupo-6123-1-1024x164.png 1024w, https:\/\/uzei.eus\/wp-content\/uploads\/2022\/10\/Grupo-6123-1-600x96.png 600w, https:\/\/uzei.eus\/wp-content\/uploads\/2022\/10\/Grupo-6123-1-1314x211.png 1314w, https:\/\/uzei.eus\/wp-content\/uploads\/2022\/10\/Grupo-6123-1-294x47.png 294w\" sizes=\"auto, (max-width: 1920px) 100vw, 1920px\" \/><\/div><\/div><div class=\"w-grid us_grid us_custom_2ec61385 type_grid layout_5367103 cols_3 pagination_infinite preload_style_spinner with_css_animation\" id=\"us_grid_1\" style=\"--columns:3;--gap:1rem;\" data-filterable=\"true\"><style>@media (max-width:1024px){#us_grid_1{--columns:2!important}}@media (max-width:740px){#us_grid_1{--columns:1!important}}.layout_5367103 .w-grid-item-h{}.layout_5367103 .usg_vwrapper_1{transition-duration:0.5s;transform-origin:50% 50%;transform:scale(1) translate(0%,0%)}.layout_5367103 .w-grid-item-h:focus-within .usg_vwrapper_1,.layout_5367103 .w-grid-item-h:hover .usg_vwrapper_1{transform:scale(1) translate(0%,0%);opacity:1;background:#f5f5f5!important}.layout_5367103 .usg_vwrapper_1{padding:1rem!important;background:var(--color-header-middle-bg)!important}<\/style><div class=\"w-grid-list\">\t<article class=\"w-grid-item us_animate_fade size_1x1 post-5370724 post type-post status-publish format-standard has-post-thumbnail sticky hentry category-noticias category-urteko-hitzak-es\" data-id=\"5370724\" style=\"animation-delay:0s\">\r\n\t\t<div class=\"w-grid-item-h\">\r\n\t\t\t\t\t\t<div class=\"w-post-elm post_image usg_post_image_1 has_ratio\"><a href=\"https:\/\/uzei.eus\/es\/2023kohitzak\/\" aria-label=\"2023ak utzi dizkigun 23 hitz berri eta zahar\"><img loading=\"lazy\" decoding=\"async\" width=\"212\" height=\"300\" src=\"https:\/\/uzei.eus\/wp-content\/uploads\/2023\/12\/2023kohitzak-1.png\" class=\"attachment-large size-large wp-post-image\" alt=\"\" \/><\/a><div style=\"padding-bottom:75%\"><\/div><\/div><div class=\"w-vwrapper usg_vwrapper_1 align_none valign_top\"><h2 class=\"w-post-elm post_title usg_post_title_1 entry-title color_link_inherit\"><a href=\"https:\/\/uzei.eus\/es\/2023kohitzak\/\">2023ak utzi dizkigun 23 hitz berri eta zahar<\/a><\/h2><div class=\"w-post-elm post_content usg_post_content_1\">Urteko errepasoa egiteko balio diguten hitzak biltzen ditugunean, hitz berriak edo erabilera nabarmena izan dutenak&hellip;<\/div><\/div>\t\t<\/div>\r\n\t\t\t<\/article>\r\n\t<article class=\"w-grid-item us_animate_fade size_1x1 post-5370643 post type-post status-publish format-standard has-post-thumbnail sticky hentry category-noticias category-urteko-hitzak-es\" data-id=\"5370643\" style=\"animation-delay:0.1s\">\r\n\t\t<div class=\"w-grid-item-h\">\r\n\t\t\t\t\t\t<div class=\"w-post-elm post_image usg_post_image_1 has_ratio\"><a href=\"https:\/\/uzei.eus\/es\/la-real-academia-de-la-lengua-vasca-euskaltzaindia-y-uzei-han-elegido-zerrenda-como-la-palabra-del-ano\/\" aria-label=\"La Real Academia de la Lengua Vasca-Euskaltzaindia y UZEI han elegido \u00abzerrenda\u00bb como la palabra del a\u00f1o\"><img loading=\"lazy\" decoding=\"async\" width=\"212\" height=\"300\" src=\"https:\/\/uzei.eus\/wp-content\/uploads\/2023\/12\/2023kohitza_w.jpeg\" class=\"attachment-large size-large wp-post-image\" alt=\"\" \/><\/a><div style=\"padding-bottom:75%\"><\/div><\/div><div class=\"w-vwrapper usg_vwrapper_1 align_none valign_top\"><h2 class=\"w-post-elm post_title usg_post_title_1 entry-title color_link_inherit\"><a href=\"https:\/\/uzei.eus\/es\/la-real-academia-de-la-lengua-vasca-euskaltzaindia-y-uzei-han-elegido-zerrenda-como-la-palabra-del-ano\/\">La Real Academia de la Lengua Vasca-Euskaltzaindia y UZEI han elegido \u00abzerrenda\u00bb como la palabra del a\u00f1o<\/a><\/h2><div class=\"w-post-elm post_content usg_post_content_1\">El protagonismo que el top\u00f3nimo Gazako zerrenda ha tenido este a\u00f1o ha permitido popularizar la&hellip;<\/div><\/div>\t\t<\/div>\r\n\t\t\t<\/article>\r\n\t<article class=\"w-grid-item us_animate_fade size_1x1 post-5370523 post type-post status-publish format-standard has-post-thumbnail sticky hentry category-noticias category-terminologia-es\" data-id=\"5370523\" style=\"animation-delay:0.2s\">\r\n\t\t<div class=\"w-grid-item-h\">\r\n\t\t\t\t\t\t<div class=\"w-post-elm post_image usg_post_image_1 has_ratio\"><a href=\"https:\/\/uzei.eus\/es\/por-mucha-preparacion-que-se-tenga-para-hacer-terminologia-sin-voluntad-politica-no-es-suficiente\/\" aria-label=\"\u00abPor mucha preparaci\u00f3n que se tenga para hacer terminolog\u00eda, sin voluntad pol\u00edtica, no es suficiente\u00bb\"><img loading=\"lazy\" decoding=\"async\" width=\"212\" height=\"300\" src=\"https:\/\/uzei.eus\/wp-content\/uploads\/2023\/11\/JordiBover.jpeg\" class=\"attachment-large size-large wp-post-image\" alt=\"\" \/><\/a><div style=\"padding-bottom:75%\"><\/div><\/div><div class=\"w-vwrapper usg_vwrapper_1 align_none valign_top\"><h2 class=\"w-post-elm post_title usg_post_title_1 entry-title color_link_inherit\"><a href=\"https:\/\/uzei.eus\/es\/por-mucha-preparacion-que-se-tenga-para-hacer-terminologia-sin-voluntad-politica-no-es-suficiente\/\">\u00abPor mucha preparaci\u00f3n que se tenga para hacer terminolog\u00eda, sin voluntad pol\u00edtica, no es suficiente\u00bb<\/a><\/h2><div class=\"w-post-elm post_content usg_post_content_1\">Jordi Bover. Director del Termcat: Por mucha preparaci\u00f3n que se tenga para hacer terminolog\u00eda, sin&hellip;<\/div><\/div>\t\t<\/div>\r\n\t\t\t<\/article>\r\n\t<article class=\"w-grid-item us_animate_fade size_1x1 post-5373067 post type-post status-publish format-standard has-post-thumbnail hentry category-recomendaciones\" data-id=\"5373067\" style=\"animation-delay:0.3s\">\r\n\t\t<div class=\"w-grid-item-h\">\r\n\t\t\t\t\t\t<div class=\"w-post-elm post_image usg_post_image_1 has_ratio\"><a href=\"https:\/\/uzei.eus\/es\/persiar-golkoa-forma-egokia\/\" aria-label=\"\u00abPersiar golkoa\u00bb, forma egokia\"><img loading=\"lazy\" decoding=\"async\" width=\"212\" height=\"300\" src=\"https:\/\/uzei.eus\/wp-content\/uploads\/2026\/03\/Persiar-w.jpg\" class=\"attachment-large size-large wp-post-image\" alt=\"\" \/><\/a><div style=\"padding-bottom:75%\"><\/div><\/div><div class=\"w-vwrapper usg_vwrapper_1 align_none valign_top\"><h2 class=\"w-post-elm post_title usg_post_title_1 entry-title color_link_inherit\"><a href=\"https:\/\/uzei.eus\/es\/persiar-golkoa-forma-egokia\/\">\u00abPersiar golkoa\u00bb, forma egokia<\/a><\/h2><div class=\"w-post-elm post_content usg_post_content_1\">Horrelakoetan, izen generikoa (golkoa) minuskulaz idazten da. Zenbaitetan horrelakoak irakur daitezke: \u00abEstatu Batuetako armadak bi&hellip;<\/div><\/div>\t\t<\/div>\r\n\t\t\t<\/article>\r\n\t<article class=\"w-grid-item us_animate_fade size_1x1 post-5372997 post type-post status-publish format-standard has-post-thumbnail hentry category-noticias\" data-id=\"5372997\" style=\"animation-delay:0.4s\">\r\n\t\t<div class=\"w-grid-item-h\">\r\n\t\t\t\t\t\t<div class=\"w-post-elm post_image usg_post_image_1 has_ratio\"><a href=\"https:\/\/uzei.eus\/es\/uzei-renueva-diseno-diccionarios-lexicos-especializados\/\" aria-label=\"UZEI renueva el dise\u00f1o de sus diccionarios y l\u00e9xicos especializados\"><img loading=\"lazy\" decoding=\"async\" width=\"212\" height=\"300\" src=\"https:\/\/uzei.eus\/wp-content\/uploads\/2026\/03\/Arkitektura-tx-2.jpg\" class=\"attachment-large size-large wp-post-image\" alt=\"\" \/><\/a><div style=\"padding-bottom:75%\"><\/div><\/div><div class=\"w-vwrapper usg_vwrapper_1 align_none valign_top\"><h2 class=\"w-post-elm post_title usg_post_title_1 entry-title color_link_inherit\"><a href=\"https:\/\/uzei.eus\/es\/uzei-renueva-diseno-diccionarios-lexicos-especializados\/\">UZEI renueva el dise\u00f1o de sus diccionarios y l\u00e9xicos especializados<\/a><\/h2><div class=\"w-post-elm post_content usg_post_content_1\">Adem\u00e1s, desde el a\u00f1o pasado, los resultados de Euskalterm se muestran autom\u00e1ticamente en los diccionarios&hellip;<\/div><\/div>\t\t<\/div>\r\n\t\t\t<\/article>\r\n\t<article class=\"w-grid-item us_animate_fade size_1x1 post-5372934 post type-post status-publish format-standard has-post-thumbnail hentry category-noticias\" data-id=\"5372934\" style=\"animation-delay:0.5s\">\r\n\t\t<div class=\"w-grid-item-h\">\r\n\t\t\t\t\t\t<div class=\"w-post-elm post_image usg_post_image_1 has_ratio\"><a href=\"https:\/\/uzei.eus\/es\/san-juan-baleontziaren-lexikoa-el-comienzo-de-un-proyecto-que-combina-patrimonio-maritimo-lengua-y-trabajo-colaborativo\/\" aria-label=\"\u00abSan Juan baleontziaren lexikoa\u00bb, el comienzo de un proyecto que combina patrimonio mar\u00edtimo, lengua y trabajo colaborativo\"><img loading=\"lazy\" decoding=\"async\" width=\"212\" height=\"300\" src=\"https:\/\/uzei.eus\/wp-content\/uploads\/2026\/03\/baleontzia.jpg\" class=\"attachment-large size-large wp-post-image\" alt=\"\" \/><\/a><div style=\"padding-bottom:75%\"><\/div><\/div><div class=\"w-vwrapper usg_vwrapper_1 align_none valign_top\"><h2 class=\"w-post-elm post_title usg_post_title_1 entry-title color_link_inherit\"><a href=\"https:\/\/uzei.eus\/es\/san-juan-baleontziaren-lexikoa-el-comienzo-de-un-proyecto-que-combina-patrimonio-maritimo-lengua-y-trabajo-colaborativo\/\">\u00abSan Juan baleontziaren lexikoa\u00bb, el comienzo de un proyecto que combina patrimonio mar\u00edtimo, lengua y trabajo colaborativo<\/a><\/h2><div class=\"w-post-elm post_content usg_post_content_1\">Albaola, el Museo Mar\u00edtimo Vasco y UZEI han colaborado en esta iniciativa, aportando cada cual&hellip;<\/div><\/div>\t\t<\/div>\r\n\t\t\t<\/article>\r\n\t<article class=\"w-grid-item us_animate_fade size_1x1 post-5372908 post type-post status-publish format-standard has-post-thumbnail hentry category-recomendaciones\" data-id=\"5372908\" style=\"animation-delay:0s\">\r\n\t\t<div class=\"w-grid-item-h\">\r\n\t\t\t\t\t\t<div class=\"w-post-elm post_image usg_post_image_1 has_ratio\"><a href=\"https:\/\/uzei.eus\/es\/o-23ko-estatu-kolpea-idazkera-gomendioak\/\" aria-label=\"\u00abO-23ko estatu-kolpea\u00bb: idazkera-gomendioak\"><img loading=\"lazy\" decoding=\"async\" width=\"212\" height=\"300\" src=\"https:\/\/uzei.eus\/wp-content\/uploads\/2026\/02\/O-23-tx.jpg\" class=\"attachment-large size-large wp-post-image\" alt=\"\" \/><\/a><div style=\"padding-bottom:75%\"><\/div><\/div><div class=\"w-vwrapper usg_vwrapper_1 align_none valign_top\"><h2 class=\"w-post-elm post_title usg_post_title_1 entry-title color_link_inherit\"><a href=\"https:\/\/uzei.eus\/es\/o-23ko-estatu-kolpea-idazkera-gomendioak\/\">\u00abO-23ko estatu-kolpea\u00bb: idazkera-gomendioak<\/a><\/h2><div class=\"w-post-elm post_content usg_post_content_1\">Data laburtuak marratxoz idatzi ohi dira: O-23, M-8, I-11\u2026 1981eko otsailaren 23ko Espainiako estatu-kolpea egunotako&hellip;<\/div><\/div>\t\t<\/div>\r\n\t\t\t<\/article>\r\n\t<article class=\"w-grid-item us_animate_fade size_1x1 post-5372859 post type-post status-publish format-standard has-post-thumbnail hentry category-recomendaciones\" data-id=\"5372859\" style=\"animation-delay:0.1s\">\r\n\t\t<div class=\"w-grid-item-h\">\r\n\t\t\t\t\t\t<div class=\"w-post-elm post_image usg_post_image_1 has_ratio\"><a href=\"https:\/\/uzei.eus\/es\/san-blas-eguna-eta-sanblasak-erabilera-gomendioa\/\" aria-label=\"San Blas eguna eta \u00absanblasak\u00bb: erabilera-gomendioa\"><img loading=\"lazy\" decoding=\"async\" width=\"212\" height=\"300\" src=\"https:\/\/uzei.eus\/wp-content\/uploads\/2026\/02\/sanblas-tx.jpg\" class=\"attachment-large size-large wp-post-image\" alt=\"\" \/><\/a><div style=\"padding-bottom:75%\"><\/div><\/div><div class=\"w-vwrapper usg_vwrapper_1 align_none valign_top\"><h2 class=\"w-post-elm post_title usg_post_title_1 entry-title color_link_inherit\"><a href=\"https:\/\/uzei.eus\/es\/san-blas-eguna-eta-sanblasak-erabilera-gomendioa\/\">San Blas eguna eta \u00absanblasak\u00bb: erabilera-gomendioa<\/a><\/h2><div class=\"w-post-elm post_content usg_post_content_1\">Opilaren izena letra xehez eta hitz bakar batean idazten da Batzuetan, honelakoak irakur daitezke: \u00abAurten&hellip;<\/div><\/div>\t\t<\/div>\r\n\t\t\t<\/article>\r\n\t<article class=\"w-grid-item us_animate_fade size_1x1 post-5372836 post type-post status-publish format-standard has-post-thumbnail hentry category-recomendaciones\" data-id=\"5372836\" style=\"animation-delay:0.2s\">\r\n\t\t<div class=\"w-grid-item-h\">\r\n\t\t\t\t\t\t<div class=\"w-post-elm post_image usg_post_image_1 has_ratio\"><a href=\"https:\/\/uzei.eus\/es\/nola-idatzi-fenomeno-meteorologikoen-izen-bereziak\/\" aria-label=\"Nola idatzi fenomeno meteorologikoen izen bereziak\"><img loading=\"lazy\" decoding=\"async\" width=\"212\" height=\"300\" src=\"https:\/\/uzei.eus\/wp-content\/uploads\/2026\/01\/ekaitz-tx.jpg\" class=\"attachment-large size-large wp-post-image\" alt=\"\" \/><\/a><div style=\"padding-bottom:75%\"><\/div><\/div><div class=\"w-vwrapper usg_vwrapper_1 align_none valign_top\"><h2 class=\"w-post-elm post_title usg_post_title_1 entry-title color_link_inherit\"><a href=\"https:\/\/uzei.eus\/es\/nola-idatzi-fenomeno-meteorologikoen-izen-bereziak\/\">Nola idatzi fenomeno meteorologikoen izen bereziak<\/a><\/h2><div class=\"w-post-elm post_content usg_post_content_1\">Euskaltzaindiak \u00abborraska\u00bb hitza ez erabiltzea gomendatzen du Batzuetan, honelakoak irakur daitezke han eta hemen: \u00abGogotik&hellip;<\/div><\/div>\t\t<\/div>\r\n\t\t\t<\/article>\r\n<\/div>\t<div class=\"w-grid-preloader\">\r\n\t\t<div class=\"g-preloader type_2\">\r\n\t\t\t<div><\/div>\r\n\t\t<\/div>\r\n\t<\/div>\r\n\t\t\t\t<div class=\"g-loadmore \">\r\n\t\t\t\t<div class=\"g-preloader type_2\">\r\n\t\t\t\t\t<div><\/div>\r\n\t\t\t\t<\/div>\r\n\t\t\t\t<button class=\"w-btn us-btn-style_1\">\r\n\t\t\t\t\t<span class=\"w-btn-label\">Cargar m\u00e1s<\/span>\r\n\t\t\t\t<\/button>\r\n\t\t\t<\/div>\r\n\t\t\t\t<div class=\"w-grid-json hidden\" onclick='return {&quot;action&quot;:&quot;us_ajax_grid&quot;,&quot;infinite_scroll&quot;:true,&quot;max_num_pages&quot;:19,&quot;pagination&quot;:&quot;ajax&quot;,&quot;template_vars&quot;:{&quot;columns&quot;:&quot;3&quot;,&quot;exclude_items&quot;:&quot;none&quot;,&quot;img_size&quot;:&quot;default&quot;,&quot;ignore_items_size&quot;:0,&quot;items_layout&quot;:&quot;5367103&quot;,&quot;items_offset&quot;:&quot;1&quot;,&quot;load_animation&quot;:&quot;fade&quot;,&quot;overriding_link&quot;:&quot;{\\&quot;url\\&quot;:\\&quot;\\&quot;}&quot;,&quot;post_id&quot;:0,&quot;query_args&quot;:{&quot;post_type&quot;:[&quot;post&quot;],&quot;post_status&quot;:[&quot;publish&quot;,&quot;acf-disabled&quot;],&quot;posts_per_page&quot;:&quot;6&quot;},&quot;orderby_query_args&quot;:{&quot;orderby&quot;:{&quot;date&quot;:&quot;DESC&quot;}},&quot;type&quot;:&quot;grid&quot;,&quot;us_grid_post_type&quot;:&quot;post&quot;,&quot;us_grid_ajax_index&quot;:1,&quot;us_grid_filter_query_string&quot;:null,&quot;us_grid_index&quot;:1,&quot;page_args&quot;:[],&quot;lang&quot;:&quot;es&quot;}}'><\/div>\r\n\t<\/div><\/div><\/div><\/div><\/div><\/div><\/section>\n","protected":false},"excerpt":{"rendered":"Euskaltzaindiak \u00abborraska\u00bb hitza ez erabiltzea gomendatzen du Batzuetan, honelakoak irakur daitezke han eta hemen: \u00abGogotik ari da Ingrid ekaitza euskal kostaldea astintzen\u00bb. \u00abGoretti ekaitzak gogor astindu du Euskal Herria\u00bb. \u00abJoseph depresioak haize-bolada indartsuak utzi dizkigu\u00bb. Euskaltzaindiak ezarri duenez, fenomeno meteorologikoen izen bereziak, hala nola tifoi, urakan, zikloi eta ekaitzenak, letra larriz hasita eta letra etzanez...","protected":false},"author":1,"featured_media":0,"parent":0,"menu_order":0,"comment_status":"closed","ping_status":"closed","template":"","meta":{"_acf_changed":false,"footnotes":""},"class_list":["post-5367102","page","type-page","status-publish","hentry"],"acf":[],"_links":{"self":[{"href":"https:\/\/uzei.eus\/es\/wp-json\/wp\/v2\/pages\/5367102","targetHints":{"allow":["GET"]}}],"collection":[{"href":"https:\/\/uzei.eus\/es\/wp-json\/wp\/v2\/pages"}],"about":[{"href":"https:\/\/uzei.eus\/es\/wp-json\/wp\/v2\/types\/page"}],"author":[{"embeddable":true,"href":"https:\/\/uzei.eus\/es\/wp-json\/wp\/v2\/users\/1"}],"replies":[{"embeddable":true,"href":"https:\/\/uzei.eus\/es\/wp-json\/wp\/v2\/comments?post=5367102"}],"version-history":[{"count":31,"href":"https:\/\/uzei.eus\/es\/wp-json\/wp\/v2\/pages\/5367102\/revisions"}],"predecessor-version":[{"id":5367249,"href":"https:\/\/uzei.eus\/es\/wp-json\/wp\/v2\/pages\/5367102\/revisions\/5367249"}],"wp:attachment":[{"href":"https:\/\/uzei.eus\/es\/wp-json\/wp\/v2\/media?parent=5367102"}],"curies":[{"name":"wp","href":"https:\/\/api.w.org\/{rel}","templated":true}]}}