{"id":5366788,"date":"2022-06-03T11:36:16","date_gmt":"2022-06-03T10:36:16","guid":{"rendered":"https:\/\/uzei.eus\/lexikoa-eta-hiztegigintza\/"},"modified":"2025-11-24T09:49:38","modified_gmt":"2025-11-24T08:49:38","slug":"lexico-y-diccionarios","status":"publish","type":"page","link":"https:\/\/uzei.eus\/es\/lexico-y-diccionarios\/","title":{"rendered":"L\u00e9xico y diccionarios"},"content":{"rendered":"<section class=\"l-section wpb_row us_custom_aa116878 height_medium\"><div class=\"l-section-h i-cf\"><div class=\"g-cols vc_row via_flex valign_top type_default stacking_default\"><div class=\"vc_col-sm-12 wpb_column vc_column_container has_bg_color\"><div class=\"vc_column-inner us_custom_31f1c23e\"><div class=\"wpb_wrapper\"><div class=\"w-image us_custom_cb86296c align_none\"><div class=\"w-image-h\"><img decoding=\"async\" src=\"https:\/\/uzei.eus\/wp-content\/uploads\/2022\/06\/Grupo-5801-1.svg\" class=\"attachment-full size-full\" alt=\"\" loading=\"lazy\" \/><\/div><\/div>[vc_raw_html]JTVCbWFycmEtYXJyb3hhJTVE[\/vc_raw_html]<div class=\"wpb_text_column us_custom_2d02f131\"><div class=\"wpb_wrapper\"><h1>L\u00c9XICO Y DICCIONARIOS<\/h1>\n<p>UZEI es pionero en la elaboraci\u00f3n y tratamiento del l\u00e9xico \u2014tanto general como especializado\u2014. As\u00ed, gracias a su larga trayectoria en ese \u00e1mbito, ofrece diversos servicios y opciones.<\/p>\n<p>Encontrar\u00e1 dichas opciones en los bloques que aparecen a continuaci\u00f3n, junto a los recursos y herramientas de\u00a0<strong>PLN<\/strong>\u00a0que utiliza UZEI.<\/p>\n<\/div><\/div><\/div><\/div><\/div><\/div><\/div><\/section><section class=\"l-section wpb_row us_custom_dd246ec8 us_animate_this height_medium\"><div class=\"l-section-h i-cf\"><div class=\"g-cols vc_row via_flex valign_top type_default stacking_default\"><div class=\"vc_col-sm-12 wpb_column vc_column_container\"><div class=\"vc_column-inner us_custom_eae6827a\"><div class=\"wpb_wrapper\">[vc_raw_html]JTVCdXplaS1oaXp0ZWdpZ2ludHphLWJvdG9pYWslNUQ=[\/vc_raw_html]<\/div><\/div><\/div><\/div><\/div><\/section><section class=\"l-section wpb_row height_medium\"><div class=\"l-section-h i-cf\"><div class=\"g-cols vc_row via_flex valign_top type_default stacking_default\"><div class=\"vc_col-sm-12 wpb_column vc_column_container\"><div class=\"vc_column-inner\"><div class=\"wpb_wrapper\"><div class=\"w-image us_custom_12711e67 align_none\"><div class=\"w-image-h\"><img decoding=\"async\" width=\"1024\" height=\"1024\" src=\"https:\/\/uzei.eus\/wp-content\/uploads\/2022\/06\/Grupo-5801-1.svg\" class=\"attachment-large size-large\" alt=\"\" loading=\"lazy\" \/><\/div><\/div>[vc_raw_html]JTVCbWFycmEtYXJyb3hhJTVE[\/vc_raw_html]<\/div><\/div><\/div><\/div><\/div><\/section><section class=\"l-section wpb_row us_custom_342b1ea8 height_medium\" id=\"lexiko-arruntean\"><div class=\"l-section-h i-cf\"><div class=\"g-cols vc_row via_flex valign_top type_default stacking_default\"><div class=\"vc_col-sm-12 wpb_column vc_column_container\"><div class=\"vc_column-inner\"><div class=\"wpb_wrapper\"><div class=\"w-hwrapper us_custom_5cd26a65 valign_middle wrap align_justify\"><div class=\"w-vwrapper us_custom_d5490510 align_none valign_top\">[vc_raw_html]JTVCbWFycmEtYXJyb3hhJTVE[\/vc_raw_html]<h2 class=\"w-text\"><span class=\"w-text-h\"><span class=\"w-text-value\">L\u00e9xico general<\/span><\/span><\/h2><div class=\"wpb_text_column hiztegigintza-testua\"><div class=\"wpb_wrapper\"><p>Adem\u00e1s del trabajo realizado para la Real Academia de la Lengua Vasca Euskaltzaindia \u2013<a href=\"https:\/\/www.euskaltzaindia.eus\/hiztegibatua\" target=\"_blank\" rel=\"noopener\">el Diccionario de Euskaltzaindia<\/a> y el <a href=\"http:\/\/lexikoarenbehatokia.euskaltzaindia.eus\/\" target=\"_blank\" rel=\"noopener\">Lexikoaren Behatokia<\/a> (Observatorio del L\u00e9xico), entre otros\u2013, UZEI ha elaborado diversos diccionarios complementarios, que est\u00e1n disponibles online o mediante plugins: el <a href=\"https:\/\/uzei.eus\/es\/?post_type=baliabideak&#038;p=5366915\" target=\"_blank\" rel=\"noopener\">Maiztasunen Hiztegia<\/a> (Diccionario de Frecuencias del Euskera)\u2013, <a href=\"https:\/\/uzei.eus\/es\/herramientas-y-recursos\/atzekoz-aurrera\/\" target=\"_blank\" rel=\"noopener\">Atzekoz Aurrera. Hitz-bukaeren hiztegia<\/a> (Diccionario de Terminaciones del Euskera)\u00a0y el <a href=\"https:\/\/uzei.eus\/baliabideak\/sinonimoen-hiztegia\/\" target=\"_blank\" rel=\"noopener\">Sinonimoen Hiztegia<\/a> (Diccionario de Sin\u00f3nimos).<\/p>\n<p>Asimismo, UZEI ha desarrollado y desarrolla proyectos para adaptar diccionarios de otras organizaciones y autores a formatos estandarizados y, sobre todo, ha realizado trabajos etiquetados en XML basado en TEI.<\/p>\n<p>Para la correcta realizaci\u00f3n de todos estos trabajos son imprescindibles estas herramientas desarrolladas por UZEI: <a href=\"https:\/\/uzei.eus\/es\/idi\/eulex\/\" rel=\"noopener\">euLex<\/a> (base de datos lexical del euskera) y herramientas para la correcci\u00f3n y verificaci\u00f3n del l\u00e9xico (<a href=\"https:\/\/uzei.eus\/es\/herramientas-y-recursos\/hobelex\/\">Hobelex<\/a>, <a href=\"https:\/\/uzei.eus\/es\/herramientas-y-recursos\/idite\/\">IDITE<\/a>).<\/p>\n<\/div><\/div><\/div><div class=\"w-image us_custom_0ad3440c align_none\"><div class=\"w-image-h\"><img decoding=\"async\" width=\"542\" height=\"603\" src=\"https:\/\/uzei.eus\/wp-content\/uploads\/2022\/06\/hiztegigintza-1.jpg\" class=\"attachment-full size-full\" alt=\"\" loading=\"lazy\" srcset=\"https:\/\/uzei.eus\/wp-content\/uploads\/2022\/06\/hiztegigintza-1.jpg 542w, https:\/\/uzei.eus\/wp-content\/uploads\/2022\/06\/hiztegigintza-1-270x300.jpg 270w, https:\/\/uzei.eus\/wp-content\/uploads\/2022\/06\/hiztegigintza-1-360x400.jpg 360w, https:\/\/uzei.eus\/wp-content\/uploads\/2022\/06\/hiztegigintza-1-431x479.jpg 431w, https:\/\/uzei.eus\/wp-content\/uploads\/2022\/06\/hiztegigintza-1-294x327.jpg 294w\" sizes=\"auto, (max-width: 542px) 100vw, 542px\" \/><\/div><\/div><div class=\"w-image us_custom_ef3c9294 hide_on_laptops hide_on_tablets hide_on_mobiles align_none\"><div class=\"w-image-h\"><img decoding=\"async\" width=\"529\" height=\"645\" src=\"https:\/\/uzei.eus\/wp-content\/uploads\/2022\/06\/Rectangulo-4256.png\" class=\"attachment-full size-full\" alt=\"\" loading=\"lazy\" srcset=\"https:\/\/uzei.eus\/wp-content\/uploads\/2022\/06\/Rectangulo-4256.png 529w, https:\/\/uzei.eus\/wp-content\/uploads\/2022\/06\/Rectangulo-4256-246x300.png 246w, https:\/\/uzei.eus\/wp-content\/uploads\/2022\/06\/Rectangulo-4256-328x400.png 328w, https:\/\/uzei.eus\/wp-content\/uploads\/2022\/06\/Rectangulo-4256-393x479.png 393w, https:\/\/uzei.eus\/wp-content\/uploads\/2022\/06\/Rectangulo-4256-294x358.png 294w\" sizes=\"auto, (max-width: 529px) 100vw, 529px\" \/><\/div><\/div><\/div><\/div><\/div><\/div><\/div><\/div><\/section><section class=\"l-section wpb_row us_custom_63c93b21 height_medium\" id=\"terminologia\"><div class=\"l-section-h i-cf\"><div class=\"g-cols vc_row via_flex valign_top type_default stacking_default\"><div class=\"vc_col-sm-12 wpb_column vc_column_container\" id=\"#terminologia\"><div class=\"vc_column-inner\"><div class=\"wpb_wrapper\"><div class=\"w-hwrapper us_custom_5cd26a65 valign_middle wrap align_justify\"><div class=\"w-image us_custom_4ccd7c65 hide_on_tablets hide_on_mobiles align_none\"><div class=\"w-image-h\"><img decoding=\"async\" width=\"542\" height=\"603\" src=\"https:\/\/uzei.eus\/wp-content\/uploads\/2022\/06\/edurne-tx-5Z8mR4vqJD4-unsplash.png\" class=\"attachment-full size-full\" alt=\"\" loading=\"lazy\" srcset=\"https:\/\/uzei.eus\/wp-content\/uploads\/2022\/06\/edurne-tx-5Z8mR4vqJD4-unsplash.png 542w, https:\/\/uzei.eus\/wp-content\/uploads\/2022\/06\/edurne-tx-5Z8mR4vqJD4-unsplash-270x300.png 270w, https:\/\/uzei.eus\/wp-content\/uploads\/2022\/06\/edurne-tx-5Z8mR4vqJD4-unsplash-360x400.png 360w, https:\/\/uzei.eus\/wp-content\/uploads\/2022\/06\/edurne-tx-5Z8mR4vqJD4-unsplash-431x479.png 431w, https:\/\/uzei.eus\/wp-content\/uploads\/2022\/06\/edurne-tx-5Z8mR4vqJD4-unsplash-294x327.png 294w\" sizes=\"auto, (max-width: 542px) 100vw, 542px\" \/><\/div><\/div><div class=\"w-image us_custom_bd0d9bb0 hide_on_laptops hide_on_tablets hide_on_mobiles align_none\"><div class=\"w-image-h\"><img decoding=\"async\" width=\"529\" height=\"645\" src=\"https:\/\/uzei.eus\/wp-content\/uploads\/2022\/06\/Rectangulo-4256.png\" class=\"attachment-full size-full\" alt=\"\" loading=\"lazy\" srcset=\"https:\/\/uzei.eus\/wp-content\/uploads\/2022\/06\/Rectangulo-4256.png 529w, https:\/\/uzei.eus\/wp-content\/uploads\/2022\/06\/Rectangulo-4256-246x300.png 246w, https:\/\/uzei.eus\/wp-content\/uploads\/2022\/06\/Rectangulo-4256-328x400.png 328w, https:\/\/uzei.eus\/wp-content\/uploads\/2022\/06\/Rectangulo-4256-393x479.png 393w, https:\/\/uzei.eus\/wp-content\/uploads\/2022\/06\/Rectangulo-4256-294x358.png 294w\" sizes=\"auto, (max-width: 529px) 100vw, 529px\" \/><\/div><\/div><div class=\"w-vwrapper us_custom_d5490510 align_none valign_top\">[vc_raw_html]JTVCbWFycmEtYXJyb3hhJTVE[\/vc_raw_html]<h2 class=\"w-text\"><span class=\"w-text-h\"><span class=\"w-text-value\">Terminolog\u00eda<\/span><\/span><\/h2><div class=\"wpb_text_column hiztegigintza-testua\"><div class=\"wpb_wrapper\"><p>Adem\u00e1s de los diccionarios elaborados en el marco de la planificaci\u00f3n de la Comisi\u00f3n de Terminolog\u00eda, los cuales conforman el n\u00facleo de <a href=\"https:\/\/www.euskadi.eus\/euskalterm\/\" target=\"_blank\" rel=\"noopener\">Euskalterm<\/a>, UZEI ha publicado otras obras terminol\u00f3gicas, algunas de ellas en colaboraci\u00f3n con otras entidades: <em>Kontabilitatea eta Auditoretza Hiztegia (\u2018Diccionario de Contabilidad y Auditor\u00eda\u2019), MZT hiztegia (\u2018Diccionario de las Ciencias y Tecnolog\u00eda de los Materiales\u2019), Farmacia Hiztegia (\u2018Diccionario de Farmacia\u2019), Proiektu Zuzendaritza Lexikoa (\u2018L\u00e9xico de Direcci\u00f3n de Proyectos\u2019), Diccionari de la COVID-19 (\u2018Diccionario de la COVID-19\u2019)<\/em>\u2026<\/p>\n<p>En todos esos proyectos son imprescindibles las herramientas desarrolladas por UZEI para la detecci\u00f3n y extracci\u00f3n terminol\u00f3gica (<a href=\"https:\/\/uzei.eus\/es\/idi\/termigai\/\">Termigai<\/a>, <a href=\"https:\/\/uzei.eus\/es\/idi\/lex2\/\">LEX2<\/a>, <a href=\"https:\/\/uzei.eus\/es\/idi\/koloka\/\">Koloka<\/a>), la base de datos actualizada de los Criterios terminol\u00f3gicos (<a href=\"https:\/\/uzei.eus\/es\/idi\/uth\/\">UTH<\/a>) y la correcci\u00f3n y verificaci\u00f3n del l\u00e9xico (<a href=\"https:\/\/uzei.eus\/es\/herramientas-y-recursos\/idite\/\">IDITE<\/a>).<\/p>\n<p>Consulte el mapa <a href=\"https:\/\/uzei.eus\/es\/terminologia-europa-mapa\/\">Terminolog\u00eda en Europa<\/a>.<\/p>\n<\/div><\/div><\/div><\/div><\/div><\/div><\/div><\/div><\/div><\/section><section class=\"l-section wpb_row us_custom_e846c95e height_medium\" id=\"lexikoa-egiaztatzea-zuzentzea\"><div class=\"l-section-h i-cf\"><div class=\"g-cols vc_row via_flex valign_top type_default stacking_default\"><div class=\"vc_col-sm-12 wpb_column vc_column_container\"><div class=\"vc_column-inner\"><div class=\"wpb_wrapper\"><div class=\"w-vwrapper us_custom_0984fb55 align_none valign_top\"><div class=\"w-image us_custom_660f0ddd align_none\"><div class=\"w-image-h\"><img decoding=\"async\" src=\"https:\/\/uzei.eus\/wp-content\/uploads\/2022\/06\/Grupo-5801-1.svg\" class=\"attachment-full size-full\" alt=\"\" loading=\"lazy\" \/><\/div><\/div>[vc_raw_html]JTVCbWFycmEtYXJyb3hhJTVE[\/vc_raw_html]<h2 class=\"w-text\"><span class=\"w-text-h\"><span class=\"w-text-value\">Correcci\u00f3n y Verificaci\u00f3n del l\u00e9xico<\/span><\/span><\/h2><div class=\"wpb_text_column hiztegigintza-testua\"><div class=\"wpb_wrapper\"><p>Para corregir y verificar el l\u00e9xico, UZEI ha desarrollado el verificador de l\u00e9xico IDITE (v\u00e9ase\u00a0IDITE) para el uso avanzado y profesional.<\/p>\n<p>Esta herramienta permite escribir y corregir textos en euskera seg\u00fan las normas y recomendaciones del l\u00e9xico est\u00e1ndar, as\u00ed como adecuar al euskera actual textos que hayan sido redactados hace cierto tiempo.<\/p>\n<p>UZEI actualiza a diario estas herramientas para adecuarlas a las normas y recomendaciones m\u00e1s recientes.<\/p>\n<p>IDITE puede analizar grandes masas de texto, y, adem\u00e1s de corregir errores t\u00edpicos de los correctores ortogr\u00e1ficos, realiza propuestas de uso basadas en las recomendaciones de las autoridades normativas (Academia de la Lengua Vasca Euskaltzaindia y Comisi\u00f3n de Terminolog\u00eda).<\/p>\n<table width=\"100%\" rules=\"all\" cellspacing=\"0\" cellpadding=\"4\">\n<tbody>\n<tr valign=\"top\">\n<th width=\"53%\"><\/th>\n<th width=\"25%\">\n<p align=\"center\">Hobelex<\/p>\n<\/th>\n<th width=\"22%\">\n<p align=\"center\">IDITE<\/p>\n<\/th>\n<\/tr>\n<tr valign=\"top\">\n<td width=\"53%\"><strong>Lexiko eguneratua<\/strong><\/td>\n<td width=\"25%\">\n<p align=\"center\">x<\/p>\n<\/td>\n<td width=\"22%\">\n<p align=\"center\">x<\/p>\n<\/td>\n<\/tr>\n<tr valign=\"top\">\n<td width=\"53%\"><strong>Akats ortografikoak<\/strong><\/td>\n<td width=\"25%\">\n<p align=\"center\">x<\/p>\n<\/td>\n<td width=\"22%\">\n<p align=\"center\">x<\/p>\n<\/td>\n<\/tr>\n<tr valign=\"top\">\n<td width=\"53%\"><strong>Hobespen orokorrak<\/strong><\/td>\n<td width=\"25%\">\n<p align=\"center\">x<\/p>\n<\/td>\n<td width=\"22%\">\n<p align=\"center\">x<\/p>\n<\/td>\n<\/tr>\n<tr valign=\"top\">\n<td width=\"53%\"><strong>Hobespen terminologikoak<\/strong><\/td>\n<td width=\"25%\"><\/td>\n<td width=\"22%\">\n<p align=\"center\">x<\/p>\n<\/td>\n<\/tr>\n<tr valign=\"top\">\n<td width=\"53%\"><strong>Testu-masa handiak egiaztatzea<\/strong><\/td>\n<td width=\"25%\"><\/td>\n<td width=\"22%\">\n<p align=\"center\">x<\/p>\n<\/td>\n<\/tr>\n<tr valign=\"top\">\n<td width=\"53%\"><strong>Hobespenen txosten laburtua<\/strong><\/td>\n<td width=\"25%\"><\/td>\n<td width=\"22%\">\n<p align=\"center\">x<\/p>\n<\/td>\n<\/tr>\n<tr valign=\"top\">\n<td width=\"53%\"><strong>Hiztegi pertsonala<\/strong><\/td>\n<td width=\"25%\"><\/td>\n<td width=\"22%\">\n<p align=\"center\">x<\/p>\n<\/td>\n<\/tr>\n<tr valign=\"top\">\n<td width=\"53%\"><strong>Erabiltzaileen kudeaketa<\/strong><\/td>\n<td width=\"25%\"><\/td>\n<td width=\"22%\">\n<p align=\"center\">x<\/p>\n<\/td>\n<\/tr>\n<tr valign=\"top\">\n<td width=\"53%\"><strong>Estatistiken kontsulta<\/strong><\/td>\n<td width=\"25%\"><\/td>\n<td width=\"22%\">\n<p align=\"center\">x<\/p>\n<\/td>\n<\/tr>\n<\/tbody>\n<\/table>\n<\/div><\/div><div class=\"w-btn-wrapper align_none\"><a class=\"w-btn us-btn-style_1 us_custom_cdf14ffd\" title=\"IDITE\" href=\"http:\/\/uzei.eus\/baliabideak\/idite\/\"><span class=\"w-btn-label\">Ikus IDITE<\/span><\/a><\/div><\/div><\/div><\/div><\/div><\/div><\/div><\/section><section class=\"l-section wpb_row us_custom_efc17075 height_medium\" id=\"dokumentuak-sailkatzea\"><div class=\"l-section-h i-cf\"><div class=\"g-cols vc_row via_flex valign_top type_default stacking_default\"><div class=\"vc_col-sm-12 wpb_column vc_column_container\"><div class=\"vc_column-inner\"><div class=\"wpb_wrapper\"><div class=\"w-vwrapper us_custom_0984fb55 align_none valign_top\"><div class=\"w-image us_custom_1610f0e9 align_none\"><div class=\"w-image-h\"><img decoding=\"async\" src=\"https:\/\/uzei.eus\/wp-content\/uploads\/2022\/06\/Grupo-5801-1.svg\" class=\"attachment-full size-full\" alt=\"\" loading=\"lazy\" \/><\/div><\/div>[vc_raw_html]JTVCbWFycmEtYXJyb3hhJTVE[\/vc_raw_html]<h2 class=\"w-text\"><span class=\"w-text-h\"><span class=\"w-text-value\">Clasificaci\u00f3n de documentos<\/span><\/span><\/h2><div class=\"wpb_text_column hiztegigintza-testua\"><div class=\"wpb_wrapper\"><p>Una vez lematizadas y vaciadas las palabras que conforman un texto, un clasificador tem\u00e1tico puede determinar autom\u00e1ticamente sobre qu\u00e9 versa de dicho texto o documento.<\/p>\n<p>Para ello, es preciso contar con un amplio diccionario o base de datos de t\u00e9rminos clasificados y etiquetados seg\u00fan su tem\u00e1tica, con los que contrastar las palabras vaciadas de un texto dado.<\/p>\n<p>UZEI ha desarrollado una herramienta capaz de clasificar textos autom\u00e1ticamente:<br \/>\nel clasificador de textos\u00a0<strong>Gaika<\/strong>.<\/p>\n<\/div><\/div><\/div><\/div><\/div><\/div><\/div><\/div><\/section>\n","protected":false},"excerpt":{"rendered":"[vc_raw_html]JTVCbWFycmEtYXJyb3hhJTVE[\/vc_raw_html] L\u00c9XICO Y DICCIONARIOS UZEI es pionero en la elaboraci\u00f3n y tratamiento del l\u00e9xico \u2014tanto general como especializado\u2014. As\u00ed, gracias a su larga trayectoria en ese \u00e1mbito, ofrece diversos servicios y opciones. Encontrar\u00e1 dichas opciones en los bloques que aparecen a continuaci\u00f3n, junto a los recursos y herramientas de\u00a0PLN\u00a0que utiliza UZEI. [vc_raw_html]JTVCdXplaS1oaXp0ZWdpZ2ludHphLWJvdG9pYWslNUQ=[\/vc_raw_html][vc_raw_html]JTVCbWFycmEtYXJyb3hhJTVE[\/vc_raw_html][vc_raw_html]JTVCbWFycmEtYXJyb3hhJTVE[\/vc_raw_html]L\u00e9xico generalAdem\u00e1s del trabajo...","protected":false},"author":1,"featured_media":0,"parent":0,"menu_order":0,"comment_status":"closed","ping_status":"closed","template":"","meta":{"_acf_changed":false,"footnotes":""},"class_list":["post-5366788","page","type-page","status-publish","hentry"],"acf":[],"_links":{"self":[{"href":"https:\/\/uzei.eus\/es\/wp-json\/wp\/v2\/pages\/5366788","targetHints":{"allow":["GET"]}}],"collection":[{"href":"https:\/\/uzei.eus\/es\/wp-json\/wp\/v2\/pages"}],"about":[{"href":"https:\/\/uzei.eus\/es\/wp-json\/wp\/v2\/types\/page"}],"author":[{"embeddable":true,"href":"https:\/\/uzei.eus\/es\/wp-json\/wp\/v2\/users\/1"}],"replies":[{"embeddable":true,"href":"https:\/\/uzei.eus\/es\/wp-json\/wp\/v2\/comments?post=5366788"}],"version-history":[{"count":8,"href":"https:\/\/uzei.eus\/es\/wp-json\/wp\/v2\/pages\/5366788\/revisions"}],"predecessor-version":[{"id":5372465,"href":"https:\/\/uzei.eus\/es\/wp-json\/wp\/v2\/pages\/5366788\/revisions\/5372465"}],"wp:attachment":[{"href":"https:\/\/uzei.eus\/es\/wp-json\/wp\/v2\/media?parent=5366788"}],"curies":[{"name":"wp","href":"https:\/\/api.w.org\/{rel}","templated":true}]}}