{"id":5366785,"date":"2022-06-03T11:37:30","date_gmt":"2022-06-03T10:37:30","guid":{"rendered":"https:\/\/uzei.eus\/zer-berri\/"},"modified":"2022-10-20T16:16:00","modified_gmt":"2022-10-20T15:16:00","slug":"noticias","status":"publish","type":"page","link":"https:\/\/uzei.eus\/es\/noticias\/","title":{"rendered":"NOTICIAS"},"content":{"rendered":"<section class=\"l-section wpb_row height_medium\"><div class=\"l-section-h i-cf\"><div class=\"g-cols vc_row via_flex valign_top type_default stacking_default\"><div class=\"vc_col-sm-12 wpb_column vc_column_container\"><div class=\"vc_column-inner\"><div class=\"wpb_wrapper\"><div class=\"g-cols wpb_row us_custom_4f24afa8 via_flex valign_top type_default stacking_default\"><div class=\"vc_col-sm-12 wpb_column vc_column_container\"><div class=\"vc_column-inner\"><div class=\"wpb_wrapper\"><h1 class=\"w-text\"><span class=\"w-text-h\"><span class=\"w-text-value\">Noticias<\/span><\/span><\/h1>[vc_raw_html]JTVCbWFycmEtaG9yaWElNUQ=[\/vc_raw_html]<\/div><\/div><\/div><\/div><div class=\"w-grid us_grid type_grid layout_1818 cols_2 pagination_regular preload_style_spinner\" id=\"us_grid_1\" style=\"--columns:2;--gap:1.5rem;\" data-filterable=\"true\"><style>@media (max-width:740px){#us_grid_1{--columns:1!important}}.layout_1818 .w-grid-item-h{color:var(--color-content-text);border-radius:0rem}.layout_1818 .usg_post_date_1{transition-duration:0.3s;transform-origin:50% 50%;transform:scale(1) translate(0%,0%)}.layout_1818 .w-grid-item-h:focus-within .usg_post_date_1,.layout_1818 .w-grid-item-h:hover .usg_post_date_1{transform:scale(1) translate(0%,-20%);opacity:1}.layout_1818 .usg_post_taxonomy_1{transition-duration:0.3s;transform-origin:50% 50%;transform:scale(1) translate(0%,0%)}.layout_1818 .w-grid-item-h:focus-within .usg_post_taxonomy_1,.layout_1818 .w-grid-item-h:hover .usg_post_taxonomy_1{transform:scale(1.02) translate(0%,0%);opacity:1;background:rgba(255,255,255,0.70)!important}.layout_1818 .usg_vwrapper_2{transition-duration:0.3s;transform-origin:50% 50%;transform:scale(1) translate(0%,0%)}.layout_1818 .w-grid-item-h:focus-within .usg_vwrapper_2,.layout_1818 .w-grid-item-h:hover .usg_vwrapper_2{transform:scale(1) translate(0%,0%);opacity:1}.layout_1818 .usg_post_title_1{letter-spacing:1.1px!important;font-weight:600!important;text-transform:none!important;margin-top:2rem!important;margin-bottom:1rem!important}.layout_1818 .usg_post_content_1{margin-bottom:2rem!important}.layout_1818 .usg_post_date_1{font-size:max( 1rem,1vw )!important;font-family:var(--h1-font-family)!important;font-weight:500!important;position:absolute!important;top:-2.1rem!important;right:0!important;z-index:10!important;padding:1rem!important;background:#ffcb1f!important}.layout_1818 .usg_post_taxonomy_1{font-size:14px!important;border-radius:20px!important;position:absolute!important;left:1.5rem!important;bottom:.5rem!important;background:var(--color-header-middle-bg)!important;padding:.25rem 1rem .25rem 1rem!important}.layout_1818 .usg_vwrapper_2{max-height:24rem!important;min-height:20rem!important;margin-top:1rem!important;position:relative!important;background:#f5f5f5!important;padding:1rem 2rem 3rem 2rem!important}@media (min-width:1025px) and (max-width:1280px){.layout_1818 .usg_post_title_1{letter-spacing:1.1px!important;font-weight:600!important;text-transform:none!important;margin-top:2rem!important;margin-bottom:1rem!important}.layout_1818 .usg_post_date_1{position:absolute!important;top:-2.1rem!important;right:0!important;z-index:10!important}.layout_1818 .usg_post_taxonomy_1{position:absolute!important;left:1.5rem!important;bottom:.5rem!important}.layout_1818 .usg_vwrapper_2{margin-top:1rem!important;position:relative!important;padding:1rem 2rem 3rem 2rem!important}}@media (min-width:741px) and (max-width:1024px){.layout_1818 .usg_post_title_1{font-size:20px!important;letter-spacing:1.1px!important;font-weight:600!important;text-transform:none!important;margin-top:2rem!important;margin-bottom:1rem!important}.layout_1818 .usg_post_date_1{position:absolute!important;top:-2.1rem!important;right:0!important;z-index:10!important}.layout_1818 .usg_post_taxonomy_1{position:absolute!important;left:1.5rem!important;bottom:.5rem!important}.layout_1818 .usg_vwrapper_2{margin-top:1rem!important;position:relative!important;padding:1rem 2rem 3rem 2rem!important}}@media (max-width:740px){.layout_1818 .usg_post_title_1{letter-spacing:1.1px!important;font-weight:600!important;text-transform:none!important;margin-top:1rem!important;margin-bottom:1rem!important}.layout_1818 .usg_post_date_1{position:absolute!important;top:-2.2rem!important;right:0!important;z-index:10!important}.layout_1818 .usg_post_taxonomy_1{position:absolute!important;left:1.5rem!important;bottom:.35rem!important}.layout_1818 .usg_vwrapper_2{margin-top:1.3rem!important;margin-bottom:4rem!important;position:relative!important;padding:1rem 2rem 3rem 2rem!important}}<\/style><div class=\"w-grid-list\">\t<article class=\"w-grid-item size_1x1 post-5372997 post type-post status-publish format-standard has-post-thumbnail hentry category-noticias\" data-id=\"5372997\">\r\n\t\t<div class=\"w-grid-item-h\">\r\n\t\t\t\t\t\t<div class=\"w-vwrapper usg_vwrapper_2 align_none valign_top\"><div class=\"w-post-elm post_taxonomy usg_post_taxonomy_1 style_simple color_link_inherit\"><a class=\"term-62 term-noticias\" href=\"https:\/\/uzei.eus\/es\/category\/noticias\/\"><span class=\"w-btn-label\">Noticias<\/span><\/a><\/div><time class=\"w-post-elm post_date usg_post_date_1 entry-date published\" datetime=\"2026-03-24T15:08:04+01:00\">24\/03\/2026<\/time><h2 class=\"w-post-elm post_title usg_post_title_1 entry-title color_link_inherit\"><a href=\"https:\/\/uzei.eus\/es\/uzei-renueva-diseno-diccionarios-lexicos-especializados\/\">UZEI renueva el dise\u00f1o de sus diccionarios y l\u00e9xicos especializados<\/a><\/h2><div class=\"w-post-elm post_content usg_post_content_1\">Adem\u00e1s, desde el a\u00f1o pasado, los resultados de Euskalterm se muestran autom\u00e1ticamente en los diccionarios Los diccionarios y l\u00e9xicos especializados&hellip;<\/div><\/div>\t\t<\/div>\r\n\t\t\t<\/article>\r\n\t<article class=\"w-grid-item size_1x1 post-5372934 post type-post status-publish format-standard has-post-thumbnail hentry category-noticias\" data-id=\"5372934\">\r\n\t\t<div class=\"w-grid-item-h\">\r\n\t\t\t\t\t\t<div class=\"w-vwrapper usg_vwrapper_2 align_none valign_top\"><div class=\"w-post-elm post_taxonomy usg_post_taxonomy_1 style_simple color_link_inherit\"><a class=\"term-62 term-noticias\" href=\"https:\/\/uzei.eus\/es\/category\/noticias\/\"><span class=\"w-btn-label\">Noticias<\/span><\/a><\/div><time class=\"w-post-elm post_date usg_post_date_1 entry-date published\" datetime=\"2026-03-11T10:09:02+01:00\">11\/03\/2026<\/time><h2 class=\"w-post-elm post_title usg_post_title_1 entry-title color_link_inherit\"><a href=\"https:\/\/uzei.eus\/es\/san-juan-baleontziaren-lexikoa-el-comienzo-de-un-proyecto-que-combina-patrimonio-maritimo-lengua-y-trabajo-colaborativo\/\">\u00abSan Juan baleontziaren lexikoa\u00bb, el comienzo de un proyecto que combina patrimonio mar\u00edtimo, lengua y trabajo colaborativo<\/a><\/h2><div class=\"w-post-elm post_content usg_post_content_1\">Albaola, el Museo Mar\u00edtimo Vasco y UZEI han colaborado en esta iniciativa, aportando cada cual su conocimiento y experiencia. Los&hellip;<\/div><\/div>\t\t<\/div>\r\n\t\t\t<\/article>\r\n\t<article class=\"w-grid-item size_1x1 post-5372676 post type-post status-publish format-standard has-post-thumbnail hentry category-noticias category-urteko-hitzak-es\" data-id=\"5372676\">\r\n\t\t<div class=\"w-grid-item-h\">\r\n\t\t\t\t\t\t<div class=\"w-vwrapper usg_vwrapper_2 align_none valign_top\"><div class=\"w-post-elm post_taxonomy usg_post_taxonomy_1 style_simple color_link_inherit\"><a class=\"term-62 term-noticias\" href=\"https:\/\/uzei.eus\/es\/category\/noticias\/\"><span class=\"w-btn-label\">Noticias<\/span><\/a><b>, <\/b><a class=\"term-112 term-urteko-hitzak-es\" href=\"https:\/\/uzei.eus\/es\/category\/urteko-hitzak-es\/\"><span class=\"w-btn-label\">Urteko-hitzak<\/span><\/a><\/div><time class=\"w-post-elm post_date usg_post_date_1 entry-date published\" datetime=\"2025-12-22T11:22:14+01:00\">22\/12\/2025<\/time><h2 class=\"w-post-elm post_title usg_post_title_1 entry-title color_link_inherit\"><a href=\"https:\/\/uzei.eus\/es\/2025ekohitzak\/\">2025eko 25 hitz<\/a><\/h2><div class=\"w-post-elm post_content usg_post_content_1\">Urtea joan, urtea etorri, hilabetez hilabete ahotan ibili ditugun gaiak eta hitzak biltzen ditugu zerrenda honetan. Oraingoan ere denetarik jaso&hellip;<\/div><\/div>\t\t<\/div>\r\n\t\t\t<\/article>\r\n\t<article class=\"w-grid-item size_1x1 post-5372582 post type-post status-publish format-standard has-post-thumbnail hentry category-neologismoak-es category-noticias\" data-id=\"5372582\">\r\n\t\t<div class=\"w-grid-item-h\">\r\n\t\t\t\t\t\t<div class=\"w-vwrapper usg_vwrapper_2 align_none valign_top\"><div class=\"w-post-elm post_taxonomy usg_post_taxonomy_1 style_simple color_link_inherit\"><a class=\"term-101 term-neologismoak-es\" href=\"https:\/\/uzei.eus\/es\/category\/neologismoak-es\/\"><span class=\"w-btn-label\">neologismoak<\/span><\/a><b>, <\/b><a class=\"term-62 term-noticias\" href=\"https:\/\/uzei.eus\/es\/category\/noticias\/\"><span class=\"w-btn-label\">Noticias<\/span><\/a><\/div><time class=\"w-post-elm post_date usg_post_date_1 entry-date published\" datetime=\"2025-12-19T07:39:32+01:00\">19\/12\/2025<\/time><h2 class=\"w-post-elm post_title usg_post_title_1 entry-title color_link_inherit\"><a href=\"https:\/\/uzei.eus\/es\/gaikako-sailkapen-berria-neolotekan-bilaketak-errazteko\/\">Gaikako sailkapen berria Neolotekan, bilaketak errazteko<\/a><\/h2><div class=\"w-post-elm post_content usg_post_content_1\">Euskarazko hitz eta esamolde berriak biltzen dituen ataria da Neoloteka. Bertan orain arte kontsultagai dauden neologismo bakoitzari gaiaren araberako sailkapena&hellip;<\/div><\/div>\t\t<\/div>\r\n\t\t\t<\/article>\r\n<\/div>\t<div class=\"w-grid-preloader\">\r\n\t\t<div class=\"g-preloader type_2\">\r\n\t\t\t<div><\/div>\r\n\t\t<\/div>\r\n\t<\/div>\r\n\t\t\t\t<nav class=\"pagination navigation\" role=\"navigation\">\r\n\t\t\t\t<div class=\"nav-links\">\r\n\t\t\t\t\t<span aria-current=\"page\" class=\"page-numbers current\"><span>1<\/span><\/span>\n<a class=\"page-numbers\" href=\"https:\/\/uzei.eus\/es\/wp-json\/wp\/v2\/pages\/5366785\/page\/2\/\"><span>2<\/span><\/a>\n<a class=\"page-numbers\" href=\"https:\/\/uzei.eus\/es\/wp-json\/wp\/v2\/pages\/5366785\/page\/3\/\"><span>3<\/span><\/a>\n<a class=\"page-numbers\" href=\"https:\/\/uzei.eus\/es\/wp-json\/wp\/v2\/pages\/5366785\/page\/4\/\"><span>4<\/span><\/a>\n<span class=\"page-numbers dots\">&hellip;<\/span>\n<a class=\"page-numbers\" href=\"https:\/\/uzei.eus\/es\/wp-json\/wp\/v2\/pages\/5366785\/page\/13\/\"><span>13<\/span><\/a>\n<a class=\"next page-numbers\" href=\"https:\/\/uzei.eus\/es\/wp-json\/wp\/v2\/pages\/5366785\/page\/2\/\"><span>Siguiente<\/span><\/a>\t\t\t\t<\/div>\r\n\t\t\t<\/nav>\r\n\t\t\t\t<div class=\"w-grid-json hidden\" onclick='return {&quot;action&quot;:&quot;us_ajax_grid&quot;,&quot;infinite_scroll&quot;:0,&quot;max_num_pages&quot;:13,&quot;pagination&quot;:&quot;regular&quot;,&quot;template_vars&quot;:{&quot;columns&quot;:&quot;2&quot;,&quot;exclude_items&quot;:&quot;none&quot;,&quot;img_size&quot;:&quot;default&quot;,&quot;ignore_items_size&quot;:0,&quot;items_layout&quot;:&quot;1818&quot;,&quot;items_offset&quot;:&quot;1&quot;,&quot;load_animation&quot;:&quot;none&quot;,&quot;overriding_link&quot;:&quot;{\\&quot;url\\&quot;:\\&quot;\\&quot;}&quot;,&quot;post_id&quot;:0,&quot;query_args&quot;:{&quot;post_type&quot;:[&quot;post&quot;],&quot;tax_query&quot;:[{&quot;taxonomy&quot;:&quot;category&quot;,&quot;field&quot;:&quot;slug&quot;,&quot;terms&quot;:[&quot;noticias&quot;]}],&quot;post_status&quot;:[&quot;publish&quot;,&quot;acf-disabled&quot;],&quot;posts_per_page&quot;:&quot;4&quot;},&quot;orderby_query_args&quot;:{&quot;orderby&quot;:{&quot;date&quot;:&quot;DESC&quot;}},&quot;type&quot;:&quot;grid&quot;,&quot;us_grid_post_type&quot;:&quot;post&quot;,&quot;us_grid_ajax_index&quot;:1,&quot;us_grid_filter_query_string&quot;:null,&quot;us_grid_index&quot;:1,&quot;page_args&quot;:[],&quot;lang&quot;:&quot;es&quot;}}'><\/div>\r\n\t<\/div><\/div><\/div><\/div><\/div><\/div><\/section>\n","protected":false},"excerpt":{"rendered":"Euskarazko hitz eta esamolde berriak biltzen dituen ataria da Neoloteka. Bertan orain arte kontsultagai dauden neologismo bakoitzari gaiaren araberako sailkapena esleitu diogu, erabiltzaileek bilaketa tematikoak egin ahal ditzaten. Adibidez, ingurumenari buruzko edo feminismoari eta berdintasunari buruzko neologismo guztiak bilatu ahal izango dira lehen aldiz. UZEIren Neolotekak gero eta sarrera gehiago dituen neurrian, are beharrezkoagoa zen...","protected":false},"author":1,"featured_media":0,"parent":0,"menu_order":0,"comment_status":"closed","ping_status":"closed","template":"","meta":{"_acf_changed":false,"footnotes":""},"class_list":["post-5366785","page","type-page","status-publish","hentry"],"acf":[],"_links":{"self":[{"href":"https:\/\/uzei.eus\/es\/wp-json\/wp\/v2\/pages\/5366785","targetHints":{"allow":["GET"]}}],"collection":[{"href":"https:\/\/uzei.eus\/es\/wp-json\/wp\/v2\/pages"}],"about":[{"href":"https:\/\/uzei.eus\/es\/wp-json\/wp\/v2\/types\/page"}],"author":[{"embeddable":true,"href":"https:\/\/uzei.eus\/es\/wp-json\/wp\/v2\/users\/1"}],"replies":[{"embeddable":true,"href":"https:\/\/uzei.eus\/es\/wp-json\/wp\/v2\/comments?post=5366785"}],"version-history":[{"count":2,"href":"https:\/\/uzei.eus\/es\/wp-json\/wp\/v2\/pages\/5366785\/revisions"}],"predecessor-version":[{"id":5367220,"href":"https:\/\/uzei.eus\/es\/wp-json\/wp\/v2\/pages\/5366785\/revisions\/5367220"}],"wp:attachment":[{"href":"https:\/\/uzei.eus\/es\/wp-json\/wp\/v2\/media?parent=5366785"}],"curies":[{"name":"wp","href":"https:\/\/api.w.org\/{rel}","templated":true}]}}