{"id":5366782,"date":"2022-06-10T11:23:33","date_gmt":"2022-06-10T10:23:33","guid":{"rendered":"https:\/\/uzei.eus\/lexikoa-zuzentzea-eta-eguneratzea\/"},"modified":"2023-11-10T11:56:35","modified_gmt":"2023-11-10T10:56:35","slug":"correccion-y-verificacion-del-lexico","status":"publish","type":"page","link":"https:\/\/uzei.eus\/es\/lexico-y-diccionarios\/correccion-y-verificacion-del-lexico\/","title":{"rendered":"Correcci\u00f3n y Verificaci\u00f3n del l\u00e9xico"},"content":{"rendered":"<section class=\"l-section wpb_row us_custom_29b8a54b height_medium\"><div class=\"l-section-h i-cf\"><div class=\"g-cols vc_row via_flex valign_top type_default stacking_default\"><div class=\"vc_col-sm-12 wpb_column vc_column_container\"><div class=\"vc_column-inner\"><div class=\"wpb_wrapper\"><div class=\"w-hwrapper valign_middle wrap align_justify\"><div class=\"w-vwrapper us_custom_5448feb7 align_none valign_top\"><div class=\"w-image us_custom_660f0ddd align_none\"><div class=\"w-image-h\"><img decoding=\"async\" src=\"https:\/\/uzei.eus\/wp-content\/uploads\/2022\/06\/Grupo-5801-1.svg\" class=\"attachment-full size-full\" alt=\"\" loading=\"lazy\" \/><\/div><\/div>[vc_raw_html]JTVCbWFycmEtYXJyb3hhJTVE[\/vc_raw_html]<div class=\"wpb_text_column hiztegigintza-testua\"><div class=\"wpb_wrapper\"><h2>Correcci\u00f3n y verificaci\u00f3n del l\u00e9xico<\/h2>\n<p>Para corregir y verificar el l\u00e9xico, UZEI ha desarrollado el verificador de l\u00e9xico <strong>IDITE<\/strong> (v\u00e9ase\u00a0<a href=\"https:\/\/uzei.eus\/es\/herramientas-y-recursos\/idite\/\">IDITE<\/a>) para los usuarios avanzados.<\/p>\n<p>Esta herramienta permite escribir y corregir textos en euskera seg\u00fan las normas y recomendaciones del l\u00e9xico est\u00e1ndar, as\u00ed como adecuar al euskera actual textos que hayan sido redactados hace cierto tiempo.<\/p>\n<p>UZEI actualiza a diario estas herramientas para adecuarlas a las normas y recomendaciones recientes.<\/p>\n<p>Puede analizar grandes masas de texto, y, adem\u00e1s de la correcci\u00f3n de errores propios de los correctores ortogr\u00e1ficos, realiza propuestas de uso basadas en recomendaciones de las autoridades normativas (Academia de la Lengua Vasca Euskaltzaindia y Comisi\u00f3n de Terminolog\u00eda).<\/p>\n<\/div><\/div><div class=\"w-btn-wrapper align_none\"><a class=\"w-btn us-btn-style_1 us_custom_703b2333 icon_atleft\" title=\"LEXIKOA ETA HIZTEGIGINTZA\" href=\"http:\/\/uzei.eus\/lexikoa-eta-hiztegigintza\/\"><i class=\"fas fa-arrow-left\"><\/i><span class=\"w-btn-label\">Volver<\/span><\/a><\/div><\/div><div class=\"w-image us_custom_437e35be has_height align_none\"><div class=\"w-image-h\"><img decoding=\"async\" width=\"542\" height=\"603\" src=\"https:\/\/uzei.eus\/wp-content\/uploads\/2022\/06\/sven-brandsma-C5SUkYZT7nU-unsplash.png\" class=\"attachment-full size-full\" alt=\"\" loading=\"lazy\" srcset=\"https:\/\/uzei.eus\/wp-content\/uploads\/2022\/06\/sven-brandsma-C5SUkYZT7nU-unsplash.png 542w, https:\/\/uzei.eus\/wp-content\/uploads\/2022\/06\/sven-brandsma-C5SUkYZT7nU-unsplash-270x300.png 270w, https:\/\/uzei.eus\/wp-content\/uploads\/2022\/06\/sven-brandsma-C5SUkYZT7nU-unsplash-360x400.png 360w, https:\/\/uzei.eus\/wp-content\/uploads\/2022\/06\/sven-brandsma-C5SUkYZT7nU-unsplash-431x479.png 431w, https:\/\/uzei.eus\/wp-content\/uploads\/2022\/06\/sven-brandsma-C5SUkYZT7nU-unsplash-294x327.png 294w\" sizes=\"auto, (max-width: 542px) 100vw, 542px\" \/><\/div><\/div><\/div><\/div><\/div><\/div><\/div><\/div><\/section>\n","protected":false},"excerpt":{"rendered":"[vc_raw_html]JTVCbWFycmEtYXJyb3hhJTVE[\/vc_raw_html]Correcci\u00f3n y verificaci\u00f3n del l\u00e9xico Para corregir y verificar el l\u00e9xico, UZEI ha desarrollado el verificador de l\u00e9xico IDITE (v\u00e9ase\u00a0IDITE) para los usuarios avanzados. Esta herramienta permite escribir y corregir textos en euskera seg\u00fan las normas y recomendaciones del l\u00e9xico est\u00e1ndar, as\u00ed como adecuar al euskera actual textos que hayan sido redactados hace cierto tiempo....","protected":false},"author":1,"featured_media":0,"parent":5366788,"menu_order":0,"comment_status":"closed","ping_status":"closed","template":"","meta":{"_acf_changed":false,"footnotes":""},"class_list":["post-5366782","page","type-page","status-publish","hentry"],"acf":[],"_links":{"self":[{"href":"https:\/\/uzei.eus\/es\/wp-json\/wp\/v2\/pages\/5366782","targetHints":{"allow":["GET"]}}],"collection":[{"href":"https:\/\/uzei.eus\/es\/wp-json\/wp\/v2\/pages"}],"about":[{"href":"https:\/\/uzei.eus\/es\/wp-json\/wp\/v2\/types\/page"}],"author":[{"embeddable":true,"href":"https:\/\/uzei.eus\/es\/wp-json\/wp\/v2\/users\/1"}],"replies":[{"embeddable":true,"href":"https:\/\/uzei.eus\/es\/wp-json\/wp\/v2\/comments?post=5366782"}],"version-history":[{"count":4,"href":"https:\/\/uzei.eus\/es\/wp-json\/wp\/v2\/pages\/5366782\/revisions"}],"predecessor-version":[{"id":5370481,"href":"https:\/\/uzei.eus\/es\/wp-json\/wp\/v2\/pages\/5366782\/revisions\/5370481"}],"up":[{"embeddable":true,"href":"https:\/\/uzei.eus\/es\/wp-json\/wp\/v2\/pages\/5366788"}],"wp:attachment":[{"href":"https:\/\/uzei.eus\/es\/wp-json\/wp\/v2\/media?parent=5366782"}],"curies":[{"name":"wp","href":"https:\/\/api.w.org\/{rel}","templated":true}]}}