{"id":5366777,"date":"2022-06-13T10:50:14","date_gmt":"2022-06-13T09:50:14","guid":{"rendered":"https:\/\/uzei.eus\/itzulpengintzarako-teknologia\/"},"modified":"2022-10-18T15:51:04","modified_gmt":"2022-10-18T14:51:04","slug":"tecnologia-para-la-traduccion","status":"publish","type":"page","link":"https:\/\/uzei.eus\/es\/traduccion\/tecnologia-para-la-traduccion\/","title":{"rendered":"TECNOLOG\u00cdA PARA LA TRADUCCI\u00d3N"},"content":{"rendered":"<section class=\"l-section wpb_row us_custom_3d34df01 height_medium\"><div class=\"l-section-h i-cf\"><div class=\"g-cols vc_row via_flex valign_top type_default stacking_default\"><div class=\"vc_col-sm-12 wpb_column vc_column_container\"><div class=\"vc_column-inner\"><div class=\"wpb_wrapper\"><div class=\"w-vwrapper us_custom_a6c794bd align_none valign_top\" style=\"--vwrapper-gap:1\"><div class=\"w-image us_custom_12711e67 align_none\"><div class=\"w-image-h\"><img decoding=\"async\" src=\"https:\/\/uzei.eus\/wp-content\/uploads\/2022\/06\/Grupo-6.svg\" class=\"attachment-full size-full\" alt=\"\" loading=\"lazy\" \/><\/div><\/div>[vc_raw_html]JTVCbWFycmEtYmVyZGVhJTVE[\/vc_raw_html]<h1 class=\"w-text\"><span class=\"w-text-h\"><span class=\"w-text-value\">Tecnolog\u00eda para la traducci\u00f3n<\/span><\/span><\/h1><div class=\"wpb_text_column us_custom_703b2333\"><div class=\"wpb_wrapper\"><p>Para garantizar la calidad de las traducciones, nuestro equipo dispone de las m\u00e1s avanzadas tecnolog\u00edas y herramientas. Aunque algunas de ellas est\u00e1n disponibles en el mercado, otras son recursos propios desarrollados con nuestra tecnolog\u00eda.<\/p>\n<\/div><\/div><\/div><\/div><\/div><\/div><\/div><\/div><\/section><section class=\"l-section wpb_row us_custom_8ca6f1f9 height_medium\"><div class=\"l-section-h i-cf\"><div class=\"g-cols vc_row via_flex valign_top type_default stacking_default\"><div class=\"vc_col-sm-6 wpb_column vc_column_container itzulpen-teknologia has_text_color\"><div class=\"vc_column-inner us_custom_0289bbde us_animate_this\"><div class=\"wpb_wrapper\"><h2 class=\"w-text us_custom_722fee18 has_text_color\"><span class=\"w-text-h\"><span class=\"w-text-value\">TAO<\/span><\/span><\/h2><div class=\"w-vwrapper us_custom_47e0e946 align_right valign_top\"><div class=\"wpb_text_column us_custom_773b09bf has_text_color\"><div class=\"wpb_wrapper\"><p style=\"text-align: left;\">Traducci\u00f3n Asistida por Ordenador: actualmente en las traducciones es imprescindible el uso de herramientas TAO. Empleamos SDL Trados y Wordfast, entre otras herramientas.<\/p>\n<\/div><\/div><\/div><\/div><\/div><\/div><div class=\"vc_col-sm-6 wpb_column vc_column_container itzulpen-teknologia\"><div class=\"vc_column-inner us_custom_e2142192 us_animate_this\"><div class=\"wpb_wrapper\"><h2 class=\"w-text us_custom_5a77933c has_text_color\"><span class=\"w-text-h\"><span class=\"w-text-value\">eLENA<\/span><\/span><\/h2><div class=\"w-vwrapper us_custom_47e0e946 align_right valign_top\"><div class=\"wpb_text_column us_custom_773b09bf has_text_color\"><div class=\"wpb_wrapper\"><p style=\"text-align: left;\">Gestor de memorias de traducciones desarrollado por UZEI: nuestros traductores pueden consultar los documentos traducidos para nuestros clientes.<\/p>\n<\/div><\/div><div class=\"w-btn-wrapper align_none\"><a class=\"w-btn us-btn-style_6 us_custom_a6e82d3a has_text_color icon_atright\" href=\"http:\/\/uzei.eus\/itzuli\/itzulpen-memorien-kudeaketa\/#elena\"><span class=\"w-btn-label\">IR a eLENA<\/span><i class=\"fas fa-arrow-right\"><\/i><\/a><\/div><\/div><\/div><\/div><\/div><\/div><\/div><\/section><section class=\"l-section wpb_row height_auto width_full\"><div class=\"l-section-h i-cf\"><div class=\"g-cols vc_row via_flex valign_top type_default stacking_default\"><div class=\"vc_col-sm-12 wpb_column vc_column_container\"><div class=\"vc_column-inner\"><div class=\"wpb_wrapper\"><div class=\"w-separator size_small\"><\/div><\/div><\/div><\/div><\/div><\/div><\/section><section class=\"l-section wpb_row us_custom_5cd26a65 height_medium\"><div class=\"l-section-h i-cf\"><div class=\"g-cols vc_row via_flex valign_top type_default stacking_default\"><div class=\"vc_col-sm-6 wpb_column vc_column_container itzulpen-teknologia has_text_color\"><div class=\"vc_column-inner us_custom_fa4bf068 us_animate_this\"><div class=\"wpb_wrapper\"><h2 class=\"w-text us_custom_f5a7db85\"><span class=\"w-text-h\"><span class=\"w-text-value\">iTXEK<\/span><\/span><\/h2><div class=\"w-vwrapper us_custom_47e0e946 align_right valign_top\"><div class=\"wpb_text_column us_custom_773b09bf has_text_color\"><div class=\"wpb_wrapper\"><p style=\"text-align: left;\">Verificador de traducciones desarrollado por UZEI, una herramienta para verificar posibles incoherencias<\/p>\n<\/div><\/div><div class=\"w-btn-wrapper align_none\"><a class=\"w-btn us-btn-style_6 us_custom_a6e82d3a has_text_color icon_atright\" href=\"http:\/\/uzei.eus\/itzuli\/itzulpen-memorien-kudeaketa\/#itxek\"><span class=\"w-btn-label\">IR a ITXEK<\/span><i class=\"fas fa-arrow-right\"><\/i><\/a><\/div><\/div><\/div><\/div><\/div><div class=\"vc_col-sm-6 wpb_column vc_column_container itzulpen-teknologia\"><div class=\"vc_column-inner us_custom_df7d959b us_animate_this\"><div class=\"wpb_wrapper\"><h2 class=\"w-text us_custom_93a9f8c5 has_text_color\"><span class=\"w-text-h\"><span class=\"w-text-value\">IDITE<\/span><\/span><\/h2><div class=\"w-vwrapper us_custom_47e0e946 align_right valign_top\"><div class=\"wpb_text_column us_custom_773b09bf has_text_color\"><div class=\"wpb_wrapper\"><p style=\"text-align: left;\">IDITE ha sido creado por UZEI para verificar el uso correcto del l\u00e9xico en euskera. Es capaz de analizar grandes masas de texto.<\/p>\n<\/div><\/div><div class=\"w-btn-wrapper align_none\"><a class=\"w-btn us-btn-style_6 us_custom_a6e82d3a has_text_color icon_atright\" title=\"IDITE\" href=\"http:\/\/uzei.eus\/baliabideak\/idite\/\"><span class=\"w-btn-label\">IR a IDITE<\/span><i class=\"fas fa-arrow-right\"><\/i><\/a><\/div><\/div><\/div><\/div><\/div><\/div><\/div><\/section>\n","protected":false},"excerpt":{"rendered":"[vc_raw_html]JTVCbWFycmEtYmVyZGVhJTVE[\/vc_raw_html]Tecnolog\u00eda para la traducci\u00f3nPara garantizar la calidad de las traducciones, nuestro equipo dispone de las m\u00e1s avanzadas tecnolog\u00edas y herramientas. Aunque algunas de ellas est\u00e1n disponibles en el mercado, otras son recursos propios desarrollados con nuestra tecnolog\u00eda. TAOTraducci\u00f3n Asistida por Ordenador: actualmente en las traducciones es imprescindible el uso de herramientas TAO. Empleamos SDL Trados...","protected":false},"author":1,"featured_media":0,"parent":5366784,"menu_order":0,"comment_status":"closed","ping_status":"closed","template":"","meta":{"_acf_changed":false,"footnotes":""},"class_list":["post-5366777","page","type-page","status-publish","hentry"],"acf":[],"_links":{"self":[{"href":"https:\/\/uzei.eus\/es\/wp-json\/wp\/v2\/pages\/5366777","targetHints":{"allow":["GET"]}}],"collection":[{"href":"https:\/\/uzei.eus\/es\/wp-json\/wp\/v2\/pages"}],"about":[{"href":"https:\/\/uzei.eus\/es\/wp-json\/wp\/v2\/types\/page"}],"author":[{"embeddable":true,"href":"https:\/\/uzei.eus\/es\/wp-json\/wp\/v2\/users\/1"}],"replies":[{"embeddable":true,"href":"https:\/\/uzei.eus\/es\/wp-json\/wp\/v2\/comments?post=5366777"}],"version-history":[{"count":3,"href":"https:\/\/uzei.eus\/es\/wp-json\/wp\/v2\/pages\/5366777\/revisions"}],"predecessor-version":[{"id":5367046,"href":"https:\/\/uzei.eus\/es\/wp-json\/wp\/v2\/pages\/5366777\/revisions\/5367046"}],"up":[{"embeddable":true,"href":"https:\/\/uzei.eus\/es\/wp-json\/wp\/v2\/pages\/5366784"}],"wp:attachment":[{"href":"https:\/\/uzei.eus\/es\/wp-json\/wp\/v2\/media?parent=5366777"}],"curies":[{"name":"wp","href":"https:\/\/api.w.org\/{rel}","templated":true}]}}