{"id":5366772,"date":"2022-06-16T06:52:53","date_gmt":"2022-06-16T05:52:53","guid":{"rendered":"https:\/\/uzei.eus\/harremanetarako\/"},"modified":"2022-10-17T14:26:31","modified_gmt":"2022-10-17T13:26:31","slug":"contacto","status":"publish","type":"page","link":"https:\/\/uzei.eus\/es\/traduccion\/contacto\/","title":{"rendered":"contacto"},"content":{"rendered":"<section class=\"l-section wpb_row us_custom_f7ee3454 height_medium\"><div class=\"l-section-h i-cf\"><div class=\"g-cols vc_row via_flex valign_top type_default stacking_default\"><div class=\"vc_col-sm-12 wpb_column vc_column_container\"><div class=\"vc_column-inner us_custom_4af741be\"><div class=\"wpb_wrapper\"><div class=\"w-hwrapper us_custom_53585988 valign_middle align_justify\" style=\"--hwrapper-gap:0rem\"><div class=\"w-vwrapper us_custom_0f1f85f5 align_left valign_top\"><h1 class=\"w-post-elm post_title entry-title color_link_inherit\">contacto<\/h1><div class=\"wpb_text_column us_custom_6df4bc3a zerrenda-berdea has_text_color\"><div class=\"wpb_wrapper\"><ul>\n<li>Direcci\u00f3n<br \/>\n<a href=\"https:\/\/goo.gl\/maps\/u6Vp8rMNvVPXPZfbA\"> Aldapeta Galtzada, 20 &#8211; 20009 Donostia<\/a><\/li>\n<li>Tel\u00e9fono<br \/>\n<a href=\"tel:: +34 943 47 33 77\">tel: +34 943 47 33 77<\/a><\/li>\n<li>Direcci\u00f3n electr\u00f3nica:<br \/>\n<a href=\"mailto:uzei@uzei.eus\">uzei@uzei.eus<\/a><\/li>\n<\/ul>\n<\/div><\/div><\/div><div class=\"w-map provider_osm us_custom_eccfab33\" id=\"us_map_1\"><div class=\"w-map-inner\"><div class=\"w-map-json\" onclick='return {&quot;address&quot;:&quot;43.31467,-1.98682&quot;,&quot;disableDragging&quot;:0,&quot;disableZoom&quot;:0,&quot;hideControls&quot;:0,&quot;zoom&quot;:13,&quot;markers&quot;:[{&quot;address&quot;:&quot;43.31467,-1.98682&quot;,&quot;html&quot;:&quot;&quot;,&quot;infowindow&quot;:0}],&quot;style&quot;:&quot;https:\\\/\\\/{s}.tile.openstreetmap.org\\\/{z}\\\/{x}\\\/{y}.png&quot;}'><\/div><\/div><\/div><\/div><\/div><\/div><\/div><\/div><\/div><\/section>\n","protected":false},"excerpt":{"rendered":"contacto Direcci\u00f3n Aldapeta Galtzada, 20 &#8211; 20009 Donostia Tel\u00e9fono tel: +34 943 47 33 77 Direcci\u00f3n electr\u00f3nica: uzei@uzei.eus","protected":false},"author":1,"featured_media":0,"parent":5366784,"menu_order":0,"comment_status":"closed","ping_status":"closed","template":"","meta":{"_acf_changed":false,"footnotes":""},"class_list":["post-5366772","page","type-page","status-publish","hentry"],"acf":[],"_links":{"self":[{"href":"https:\/\/uzei.eus\/es\/wp-json\/wp\/v2\/pages\/5366772","targetHints":{"allow":["GET"]}}],"collection":[{"href":"https:\/\/uzei.eus\/es\/wp-json\/wp\/v2\/pages"}],"about":[{"href":"https:\/\/uzei.eus\/es\/wp-json\/wp\/v2\/types\/page"}],"author":[{"embeddable":true,"href":"https:\/\/uzei.eus\/es\/wp-json\/wp\/v2\/users\/1"}],"replies":[{"embeddable":true,"href":"https:\/\/uzei.eus\/es\/wp-json\/wp\/v2\/comments?post=5366772"}],"version-history":[{"count":2,"href":"https:\/\/uzei.eus\/es\/wp-json\/wp\/v2\/pages\/5366772\/revisions"}],"predecessor-version":[{"id":5366896,"href":"https:\/\/uzei.eus\/es\/wp-json\/wp\/v2\/pages\/5366772\/revisions\/5366896"}],"up":[{"embeddable":true,"href":"https:\/\/uzei.eus\/es\/wp-json\/wp\/v2\/pages\/5366784"}],"wp:attachment":[{"href":"https:\/\/uzei.eus\/es\/wp-json\/wp\/v2\/media?parent=5366772"}],"curies":[{"name":"wp","href":"https:\/\/api.w.org\/{rel}","templated":true}]}}