{"id":5366771,"date":"2022-06-16T07:15:14","date_gmt":"2022-06-16T06:15:14","guid":{"rendered":"https:\/\/uzei.eus\/lege-oharra\/"},"modified":"2022-12-01T23:08:57","modified_gmt":"2022-12-01T22:08:57","slug":"aviso-legal","status":"publish","type":"page","link":"https:\/\/uzei.eus\/es\/aviso-legal\/","title":{"rendered":"Aviso legal"},"content":{"rendered":"<section class=\"l-section wpb_row height_medium\"><div class=\"l-section-h i-cf\"><div class=\"g-cols vc_row via_flex valign_top type_default stacking_default\"><div class=\"vc_col-sm-12 wpb_column vc_column_container\"><div class=\"vc_column-inner\"><div class=\"wpb_wrapper\"><h1 class=\"w-text us_custom_4f24afa8\"><span class=\"w-text-h\"><span class=\"w-text-value\">Aviso legal<\/span><\/span><\/h1><div class=\"wpb_text_column us_custom_efc17075\"><div class=\"wpb_wrapper\"><p>En cumplimiento de la Ley 34\/2002, de 11 de julio, de servicios de la sociedad de la informaci\u00f3n y de comercio electr\u00f3nico, le informamos que el titular del sitio web www.uzei.eus es:<\/p>\n<p>Nombre: Unibertsitate Zerbitzuetarako Euskal Ikastetxea &#8211; UZEI<br \/>\nNIF: G20058723<br \/>\nDirecci\u00f3n: Aldapeta, 20. 20009 Donostia. Gipuzkoa<br \/>\nTel\u00e9fono: 943473377<br \/>\nE-mail: uzei@uzei.eus<\/p>\n<p>1. Responsabilidades y garant\u00edas<\/p>\n<p>El acceso a la web www.uzei.eus ser\u00e1 voluntario para la persona usuaria. Navegar por este sitio web significa que la persona usuaria conoce y acepta sus indicaciones legales, sus condiciones de uso y su pol\u00edtica de privacidad.<\/p>\n<p>Cualquier uso de la informaci\u00f3n contenida en este sitio web ser\u00e1 responsabilidad exclusiva de la persona usuaria. As\u00ed, la persona usuaria deber\u00e1 comprometerse a utilizar la informaci\u00f3n de acuerdo con el objetivo del sitio web.<\/p>\n<p>La persona usuaria no podr\u00e1, por tanto, dar un uso il\u00edcito a la informaci\u00f3n del sitio web.<\/p>\n<p>Las personas usuarias no podr\u00e1n insertar o comunicar contenidos falsos o err\u00f3neos. La persona usuaria ser\u00e1, por tanto, la \u00fanica responsable de los da\u00f1os causados con los datos que aporte.<\/p>\n<p>No se pueden utilizar datos personales de terceras personas sin su consentimiento. Asimismo, se proh\u00edbe el uso de datos identificativos de terceras personas con el fin de ponerlos en el lugar de otra persona o entidad.<\/p>\n<p>UZEI hace un gran esfuerzo para evitar errores en los contenidos que se publican en la web. Por tanto, se reserva el derecho de modificarlos en cualquier momento. UZEI renuncia expresamente a la responsabilidad derivada de los errores u omisiones en los contenidos de esta web, as\u00ed como a la responsabilidad derivada de los da\u00f1os derivados de la falta de veracidad, exactitud y actualidad de los mismos. Este sitio web puede incluir enlaces a otros sitios web. UZEI no asume la responsabilidad de ninguno de los contenidos de los sitios enlazados. La finalidad de estos servicios es precisamente informar a las personas usuarias de otras fuentes de informaci\u00f3n, por lo que la persona usuaria acceder\u00e1 a estos contenidos bajo su exclusiva responsabilidad, de acuerdo con las condiciones reguladas en los mismos.<\/p>\n<p>UZEI no ser\u00e1 responsable de ninguna consecuencia o perjuicio derivado del uso de esta web o de sus contenidos, incluidos los da\u00f1os inform\u00e1ticos y la inserci\u00f3n de virus.<br \/>\nUZEI se reserva el derecho de modificar o eliminar, en cualquier momento, el dise\u00f1o, la configuraci\u00f3n y la informaci\u00f3n de este sitio web, sin previo aviso o explicaci\u00f3n, si lo estiman necesario. UZEI no se hace responsable de los da\u00f1os que estos cambios puedan ocasionar. No obstante, utilizar\u00e1 todos los medios a su alcance para informar a los usuarios de dichos cambios.<\/p>\n<p>2. Propiedad intelectual e industrial<\/p>\n<p>Los contenidos de esta web (excepto los datos personales) tienen licencia Atribuci\u00f3n-NoComercial-SinDerivadas 4.0 Internacional (CC BY-NC-ND 4.0), que otorga a la persona usuaria los siguientes derechos:<\/p>\n<p>Compartir \u2014 copiar y redistribuir el material en cualquier medio o formato.<\/p>\n<p>Siempre que se cumplan las siguientes condiciones:<br \/>\nAtribuci\u00f3n \u2014 Usted debe dar cr\u00e9dito de manera adecuada, brindar un enlace a la licencia, e indicar si se han realizado cambios. Puede hacerlo en cualquier forma razonable, pero no de forma tal que sugiera que usted o su uso tienen el apoyo de la licenciante.<br \/>\nNoComercial \u2014 Usted no puede hacer uso del material con prop\u00f3sitos comerciales.<br \/>\nSinDerivadas \u2014 Si remezcla, transforma o crea a partir del material, no podr\u00e1 distribuir el material modificado.<\/p>\n<p>En caso de incumplimiento de las condiciones que establece la licencia en el uso de los contenidos del sitio web, se podr\u00e1n ejercitar las acciones legales correspondientes y, en su caso, se deber\u00e1n cumplir las responsabilidades derivadas de su ejecuci\u00f3n.<\/p>\n<p>3. Modificaciones<\/p>\n<p>Todas estas condiciones podr\u00e1n ser modificadas si UZEI lo considera oportuno en alg\u00fan momento, bien para adaptarse a las modificaciones legales, bien para introducir otras mejoras. Estas modificaciones estar\u00e1n vigentes desde el momento de su publicaci\u00f3n en esta web.<\/p>\n<p>4. Jurisdicci\u00f3n<\/p>\n<p>La relaci\u00f3n creada entre UZEI y la persona usuaria se regir\u00e1 por lo dispuesto en la normativa vigente sobre legislaci\u00f3n aplicable y jurisdicci\u00f3n competente. No obstante, si la normativa prev\u00e9 que las partes deban someterse a una competencia, UZEI y la persona usuaria, con renuncia expresa a cualquier otra competencia que les corresponda, se someter\u00e1n a los Juzgados y Tribunales de Donostia-San Sebasti\u00e1n.<\/p>\n<\/div><\/div><\/div><\/div><\/div><\/div><\/div><\/section>\n","protected":false},"excerpt":{"rendered":"Aviso legalEn cumplimiento de la Ley 34\/2002, de 11 de julio, de servicios de la sociedad de la informaci\u00f3n y de comercio electr\u00f3nico, le informamos que el titular del sitio web www.uzei.eus es: Nombre: Unibertsitate Zerbitzuetarako Euskal Ikastetxea &#8211; UZEI NIF: G20058723 Direcci\u00f3n: Aldapeta, 20. 20009 Donostia. Gipuzkoa Tel\u00e9fono: 943473377 E-mail: uzei@uzei.eus 1. Responsabilidades y...","protected":false},"author":1,"featured_media":0,"parent":0,"menu_order":0,"comment_status":"closed","ping_status":"closed","template":"","meta":{"_acf_changed":false,"footnotes":""},"class_list":["post-5366771","page","type-page","status-publish","hentry"],"acf":[],"_links":{"self":[{"href":"https:\/\/uzei.eus\/es\/wp-json\/wp\/v2\/pages\/5366771","targetHints":{"allow":["GET"]}}],"collection":[{"href":"https:\/\/uzei.eus\/es\/wp-json\/wp\/v2\/pages"}],"about":[{"href":"https:\/\/uzei.eus\/es\/wp-json\/wp\/v2\/types\/page"}],"author":[{"embeddable":true,"href":"https:\/\/uzei.eus\/es\/wp-json\/wp\/v2\/users\/1"}],"replies":[{"embeddable":true,"href":"https:\/\/uzei.eus\/es\/wp-json\/wp\/v2\/comments?post=5366771"}],"version-history":[{"count":2,"href":"https:\/\/uzei.eus\/es\/wp-json\/wp\/v2\/pages\/5366771\/revisions"}],"predecessor-version":[{"id":5367642,"href":"https:\/\/uzei.eus\/es\/wp-json\/wp\/v2\/pages\/5366771\/revisions\/5367642"}],"wp:attachment":[{"href":"https:\/\/uzei.eus\/es\/wp-json\/wp\/v2\/media?parent=5366771"}],"curies":[{"name":"wp","href":"https:\/\/api.w.org\/{rel}","templated":true}]}}