{"id":5366770,"date":"2022-06-16T07:17:43","date_gmt":"2022-06-16T06:17:43","guid":{"rendered":"https:\/\/uzei.eus\/pribatutasun-politika\/"},"modified":"2022-12-27T20:08:04","modified_gmt":"2022-12-27T19:08:04","slug":"politica-de-privacidad","status":"publish","type":"page","link":"https:\/\/uzei.eus\/es\/politica-de-privacidad\/","title":{"rendered":"Pol\u00edtica de privacidad"},"content":{"rendered":"<section class=\"l-section wpb_row height_medium\"><div class=\"l-section-h i-cf\"><div class=\"g-cols vc_row via_flex valign_top type_default stacking_default\"><div class=\"vc_col-sm-12 wpb_column vc_column_container\"><div class=\"vc_column-inner\"><div class=\"wpb_wrapper\"><h1 class=\"w-text us_custom_4f24afa8\"><span class=\"w-text-h\"><span class=\"w-text-value\">Pol\u00edtica de privacidad<\/span><\/span><\/h1><div class=\"wpb_text_column us_custom_efc17075\"><div class=\"wpb_wrapper\"><p><span lang=\"es-ES\">La presente pol\u00edtica de privacidad tiene por objeto proporcionar informaci\u00f3n sobre los tratamientos de datos personales incluidos en este sitio web y describir los derechos de asistencia a los interesados, de conformidad con el Reglamento (UE) 679\/2016 del Parlamento Europeo y del Consejo, de 27 de abril de 2016, relativo a la protecci\u00f3n de las personas f\u00edsicas en lo que respecta al tratamiento de datos personales y a la libre circulaci\u00f3n de estos datos y a la Ley Org\u00e1nica 1\/2018, de 5 de diciembre, de Protecci\u00f3n de Datos Personales y garant\u00eda de los derechos digitales.<\/span><\/p>\n<p>&nbsp;<\/p>\n<p><span lang=\"es-ES\"><b>\u00bfQui\u00e9n es responsable del tratamiento de sus datos personales?<\/b><\/span><b> <\/b><\/p>\n<p>Nombre: Unibertsitate Zerbitzuetarako Euskal Ikastetxea &#8211; UZEI<\/p>\n<p>CIF: G20058723<\/p>\n<p><span lang=\"es-ES\">Direcci\u00f3n<\/span><span lang=\"es-ES\">: <\/span><span lang=\"es-ES\">Aldapeta, 20. 2000<\/span><span lang=\"es-ES\">9<\/span><span lang=\"es-ES\"> Donostia<\/span><span lang=\"es-ES\"><b>.<\/b><\/span> Gipuzkoa<\/p>\n<p><span lang=\"es-ES\">Tel<\/span><span lang=\"es-ES\">\u00e9<\/span><span lang=\"es-ES\">fon<\/span><span lang=\"es-ES\">o<\/span><span lang=\"es-ES\">: <\/span><span lang=\"es-ES\">943473377<\/span><\/p>\n<p><span lang=\"es-ES\">Di<\/span>recci\u00f3n electr\u00f3nica: uzei@uzei.eus<\/p>\n<p><span lang=\"es-ES\"><b>\u00bfCon qu\u00e9 finalidad recogemos <\/b><\/span><span lang=\"es-ES\"><b>s<\/b><\/span><span lang=\"es-ES\"><b>us datos?<\/b><\/span><span lang=\"es-ES\"><b><br \/>\n<\/b><\/span><span lang=\"es-ES\">Sus datos se recogen \u00fanicamente en el momento en que s<\/span><span lang=\"es-ES\">e re<\/span><span lang=\"es-ES\">l<\/span><span lang=\"es-ES\">aciona<\/span><span lang=\"es-ES\"> con <\/span><span lang=\"es-ES\">UZEI<\/span><span lang=\"es-ES\"> y se utilizar\u00e1n para contactarl<\/span><span lang=\"es-ES\">e<\/span><span lang=\"es-ES\">, gestionar y mantener su relaci\u00f3n como <\/span><span lang=\"es-ES\">p<\/span><span lang=\"es-ES\">e<\/span><span lang=\"es-ES\">rsona<\/span><span lang=\"es-ES\"> usuari<\/span><span lang=\"es-ES\">a<\/span><span lang=\"es-ES\">, soci<\/span><span lang=\"es-ES\">a<\/span><span lang=\"es-ES\">, client<\/span><span lang=\"es-ES\">e\/clienta<\/span><span lang=\"es-ES\"> o proveedor<\/span><span lang=\"es-ES\">\/proveedora<\/span><span lang=\"es-ES\">, y <\/span><span lang=\"es-ES\">pa<\/span><span lang=\"es-ES\">r<\/span><span lang=\"es-ES\">a<\/span><span lang=\"es-ES\"> cumplir las obligaciones legales de UZEI.<\/span><\/p>\n<p><span lang=\"es-ES\"><b>\u00bf<\/b><\/span><b>Cu\u00e1nto tiempo se conservar\u00e1n s datos?<\/b><br \/>\nMientras no nos solicite borrar sus datos, estos permanecer\u00e1n en el registro privado de UZEI.<\/p>\n<p lang=\"es-ES\"><b>\u00bfCu\u00e1l es la base legal para el uso de sus datos?<\/b><\/p>\n<p><span lang=\"es-ES\">La base legal para el tratamiento de sus datos personales por parte de UZEI es el consentimiento expreso que nos ha proporcionado en el momento de la recogida de dichos datos personales a trav\u00e9s de los mecanismos establecidos al efecto en la web de UZEI, www.uzei.eus.<\/span><\/p>\n<p lang=\"es-ES\"><b><strong>\u00bfA qui\u00e9n <\/strong><strong>cederemos<\/strong><strong> sus datos?<\/strong> <\/b><\/p>\n<p><span lang=\"es-ES\">UZEI no ceder\u00e1 esos datos a terceras partes.<\/span><\/p>\n<p><b>\u00bfCu\u00e1les son <\/b><b>s<\/b><b>us derechos cuando nos proporciona tus datos personales?<\/b><\/p>\n<p>La persona cedente de los datos podr\u00e1 ejercer los siguientes derechos sobre los datos suministrados:<\/p>\n<p>Derecho de acceso: la persona cedente de los datos podr\u00e1 solicitar a UZEI los datos facilitados para confirmar si est\u00e1 tratando o no sus datos personales.<\/p>\n<p>Derecho de rectificaci\u00f3n: la persona cedente de los datos podr\u00e1 solicitar a UZEI la rectificaci\u00f3n de sus datos personales cuando \u00e9stos no sean correctos o est\u00e9n incompletos.<\/p>\n<p>Derecho de supresi\u00f3n: la persona cedente de los datos podr\u00e1 solicitar a UZEI la supresi\u00f3n de sus datos personales, entre otros, cuando los mismos ya no sean necesarios para la finalidad para la cual fueron recabados.<\/p>\n<p>Derecho de oposici\u00f3n: la persona cedente puede oponerse al tratamiento de sus datos personales por parte de UZEI. En este caso, UZEI se reservar\u00e1 \u00fanicamente para realizar reclamaciones o protegerse de ellas.<\/p>\n<p>Derecho a la limitaci\u00f3n del tratamiento: la persona cedente de los datos podr\u00e1 solicitar a UZEI que sus datos personales no sean utilizados de forma provisional y para usos determinados. En este caso, UZEI se guardar\u00e1n \u00fanicamente para realizar reclamaciones o protegerse de ellas.<\/p>\n<p>Derecho de portabilidad: la persona cedente de datos podr\u00e1 solicitar a UZEI que facilite sus datos en un formato estructurado y f\u00e1cilmente accesible. Tambi\u00e9n podr\u00e1 solicitar que sus datos sean facilitados a otra persona responsable.<\/p>\n<p>Derecho de revocaci\u00f3n del consentimiento: Cuando los datos de car\u00e1cter personal hayan sido obtenidos mediante la concesi\u00f3n de un consentimiento expreso, la persona cedente de los datos tendr\u00e1 derecho a revocar dicho consentimiento en cualquier momento.<\/p>\n<p>Derecho de reclamaci\u00f3n: la persona cedente tendr\u00e1 derecho a presentar una reclamaci\u00f3n ante la Agencia Espa\u00f1ola de Protecci\u00f3n de Datos, en particular si considera que el ejercicio de sus derechos no ha sido adecuado. Dicha reclamaci\u00f3n podr\u00e1 realizarse por v\u00eda telem\u00e1tica a trav\u00e9s de la sede electr\u00f3nica (<a href=\"http:\/\/www.agpd.es\/\">www.agpd.es<\/a>) o dirigi\u00e9ndose a la direcci\u00f3n postal (C\/Jorge Juan, 6, 28001-Madrid)<\/p>\n<p>Para el ejercicio de cualquiera de los derechos mencionados, la persona cedente de los datos podr\u00e1 dirigirse a la direcci\u00f3n postal o electr\u00f3nica de UZEI, aportando copia de su DNI, a efectos de acreditar su identidad.<\/p>\n<\/div><\/div><\/div><\/div><\/div><\/div><\/div><\/section>\n","protected":false},"excerpt":{"rendered":"Pol\u00edtica de privacidadLa presente pol\u00edtica de privacidad tiene por objeto proporcionar informaci\u00f3n sobre los tratamientos de datos personales incluidos en este sitio web y describir los derechos de asistencia a los interesados, de conformidad con el Reglamento (UE) 679\/2016 del Parlamento Europeo y del Consejo, de 27 de abril de 2016, relativo a la protecci\u00f3n...","protected":false},"author":1,"featured_media":0,"parent":0,"menu_order":0,"comment_status":"closed","ping_status":"closed","template":"","meta":{"_acf_changed":false,"footnotes":""},"class_list":["post-5366770","page","type-page","status-publish","hentry"],"acf":[],"_links":{"self":[{"href":"https:\/\/uzei.eus\/es\/wp-json\/wp\/v2\/pages\/5366770","targetHints":{"allow":["GET"]}}],"collection":[{"href":"https:\/\/uzei.eus\/es\/wp-json\/wp\/v2\/pages"}],"about":[{"href":"https:\/\/uzei.eus\/es\/wp-json\/wp\/v2\/types\/page"}],"author":[{"embeddable":true,"href":"https:\/\/uzei.eus\/es\/wp-json\/wp\/v2\/users\/1"}],"replies":[{"embeddable":true,"href":"https:\/\/uzei.eus\/es\/wp-json\/wp\/v2\/comments?post=5366770"}],"version-history":[{"count":4,"href":"https:\/\/uzei.eus\/es\/wp-json\/wp\/v2\/pages\/5366770\/revisions"}],"predecessor-version":[{"id":5367898,"href":"https:\/\/uzei.eus\/es\/wp-json\/wp\/v2\/pages\/5366770\/revisions\/5367898"}],"wp:attachment":[{"href":"https:\/\/uzei.eus\/es\/wp-json\/wp\/v2\/media?parent=5366770"}],"curies":[{"name":"wp","href":"https:\/\/api.w.org\/{rel}","templated":true}]}}