{"id":5366768,"date":"2022-07-12T20:42:56","date_gmt":"2022-07-12T19:42:56","guid":{"rendered":"https:\/\/uzei.eus\/berba\/"},"modified":"2022-07-12T20:42:56","modified_gmt":"2022-07-12T19:42:56","slug":"berba","status":"publish","type":"page","link":"https:\/\/uzei.eus\/es\/berba\/","title":{"rendered":"Berba"},"content":{"rendered":"<section class=\"l-section wpb_row height_medium\"><div class=\"l-section-h i-cf\"><div class=\"g-cols vc_row via_flex valign_top type_default stacking_default\"><div class=\"vc_col-sm-12 wpb_column vc_column_container\"><div class=\"vc_column-inner\"><div class=\"wpb_wrapper\"><div class=\"w-image align_center\"><div class=\"w-image-h\"><img decoding=\"async\" width=\"513\" height=\"130\" src=\"https:\/\/uzei.eus\/wp-content\/uploads\/2022\/07\/BERBA-LOGOA.png\" class=\"attachment-full size-full\" alt=\"\" loading=\"lazy\" srcset=\"https:\/\/uzei.eus\/wp-content\/uploads\/2022\/07\/BERBA-LOGOA.png 513w, https:\/\/uzei.eus\/wp-content\/uploads\/2022\/07\/BERBA-LOGOA-300x76.png 300w, https:\/\/uzei.eus\/wp-content\/uploads\/2022\/07\/BERBA-LOGOA-294x75.png 294w\" sizes=\"auto, (max-width: 513px) 100vw, 513px\" \/><\/div><\/div>[vc_custom_heading text=\u00bbBERBA, UZEIren berripapera (1989-2007).\u00bb font_container=\u00bbtag:h2|text_align:center\u00bb use_theme_fonts=\u00bbyes\u00bb]<div class=\"w-separator size_small\"><\/div><div class=\"w-grid us_grid type_grid layout_2870 cols_1 pagination_infinite preload_style_spinner\" id=\"us_grid_1\" style=\"--columns:1;--gap:1.5rem;\" data-filterable=\"true\"><style>.layout_2870 .w-grid-item-h{}<\/style><div class=\"w-grid-list\">\t<article class=\"w-grid-item size_1x1 post-5370724 post type-post status-publish format-standard has-post-thumbnail sticky hentry category-noticias category-urteko-hitzak-es\" data-id=\"5370724\">\r\n\t\t<div class=\"w-grid-item-h\">\r\n\t\t\t\t\t\t<h3 class=\"w-post-elm post_title usg_post_title_1 entry-title color_link_inherit\"><a href=\"https:\/\/uzei.eus\/es\/2023kohitzak\/\">2023ak utzi dizkigun 23 hitz berri eta zahar<\/a><\/h3><div class=\"w-hwrapper usg_hwrapper_1 align_none valign_top\"><div class=\"w-post-elm post_custom_field usg_post_custom_field_1 type_text data color_link_inherit\"><span class=\"w-post-elm-value\"><\/span><\/div><span class=\"w-text usg_text_1\"><span class=\"w-text-h\"><span class=\"w-text-value\">&#8211;<\/span><\/span><\/span><div class=\"w-post-elm post_custom_field usg_post_custom_field_2 type_text egilea color_link_inherit\"><span class=\"w-post-elm-value\"><\/span><\/div><\/div>\t\t<\/div>\r\n\t\t\t<\/article>\r\n\t<article class=\"w-grid-item size_1x1 post-5370643 post type-post status-publish format-standard has-post-thumbnail sticky hentry category-noticias category-urteko-hitzak-es\" data-id=\"5370643\">\r\n\t\t<div class=\"w-grid-item-h\">\r\n\t\t\t\t\t\t<h3 class=\"w-post-elm post_title usg_post_title_1 entry-title color_link_inherit\"><a href=\"https:\/\/uzei.eus\/es\/la-real-academia-de-la-lengua-vasca-euskaltzaindia-y-uzei-han-elegido-zerrenda-como-la-palabra-del-ano\/\">La Real Academia de la Lengua Vasca-Euskaltzaindia y UZEI han elegido \u00abzerrenda\u00bb como la palabra del a\u00f1o<\/a><\/h3><div class=\"w-hwrapper usg_hwrapper_1 align_none valign_top\"><div class=\"w-post-elm post_custom_field usg_post_custom_field_1 type_text data color_link_inherit\"><span class=\"w-post-elm-value\"><\/span><\/div><span class=\"w-text usg_text_1\"><span class=\"w-text-h\"><span class=\"w-text-value\">&#8211;<\/span><\/span><\/span><div class=\"w-post-elm post_custom_field usg_post_custom_field_2 type_text egilea color_link_inherit\"><span class=\"w-post-elm-value\"><\/span><\/div><\/div>\t\t<\/div>\r\n\t\t\t<\/article>\r\n\t<article class=\"w-grid-item size_1x1 post-5370523 post type-post status-publish format-standard has-post-thumbnail sticky hentry category-noticias category-terminologia-es\" data-id=\"5370523\">\r\n\t\t<div class=\"w-grid-item-h\">\r\n\t\t\t\t\t\t<h3 class=\"w-post-elm post_title usg_post_title_1 entry-title color_link_inherit\"><a href=\"https:\/\/uzei.eus\/es\/por-mucha-preparacion-que-se-tenga-para-hacer-terminologia-sin-voluntad-politica-no-es-suficiente\/\">\u00abPor mucha preparaci\u00f3n que se tenga para hacer terminolog\u00eda, sin voluntad pol\u00edtica, no es suficiente\u00bb<\/a><\/h3><div class=\"w-hwrapper usg_hwrapper_1 align_none valign_top\"><div class=\"w-post-elm post_custom_field usg_post_custom_field_1 type_text data color_link_inherit\"><span class=\"w-post-elm-value\"><\/span><\/div><span class=\"w-text usg_text_1\"><span class=\"w-text-h\"><span class=\"w-text-value\">&#8211;<\/span><\/span><\/span><div class=\"w-post-elm post_custom_field usg_post_custom_field_2 type_text egilea color_link_inherit\"><span class=\"w-post-elm-value\"><\/span><\/div><\/div>\t\t<\/div>\r\n\t\t\t<\/article>\r\n\t<article class=\"w-grid-item size_1x1 post-5373067 post type-post status-publish format-standard has-post-thumbnail hentry category-recomendaciones\" data-id=\"5373067\">\r\n\t\t<div class=\"w-grid-item-h\">\r\n\t\t\t\t\t\t<h3 class=\"w-post-elm post_title usg_post_title_1 entry-title color_link_inherit\"><a href=\"https:\/\/uzei.eus\/es\/persiar-golkoa-forma-egokia\/\">\u00abPersiar golkoa\u00bb, forma egokia<\/a><\/h3><div class=\"w-hwrapper usg_hwrapper_1 align_none valign_top\"><div class=\"w-post-elm post_custom_field usg_post_custom_field_1 type_text data color_link_inherit\"><span class=\"w-post-elm-value\"><\/span><\/div><span class=\"w-text usg_text_1\"><span class=\"w-text-h\"><span class=\"w-text-value\">&#8211;<\/span><\/span><\/span><div class=\"w-post-elm post_custom_field usg_post_custom_field_2 type_text egilea color_link_inherit\"><span class=\"w-post-elm-value\"><\/span><\/div><\/div>\t\t<\/div>\r\n\t\t\t<\/article>\r\n\t<article class=\"w-grid-item size_1x1 post-5372997 post type-post status-publish format-standard has-post-thumbnail hentry category-noticias\" data-id=\"5372997\">\r\n\t\t<div class=\"w-grid-item-h\">\r\n\t\t\t\t\t\t<h3 class=\"w-post-elm post_title usg_post_title_1 entry-title color_link_inherit\"><a href=\"https:\/\/uzei.eus\/es\/uzei-renueva-diseno-diccionarios-lexicos-especializados\/\">UZEI renueva el dise\u00f1o de sus diccionarios y l\u00e9xicos especializados<\/a><\/h3><div class=\"w-hwrapper usg_hwrapper_1 align_none valign_top\"><div class=\"w-post-elm post_custom_field usg_post_custom_field_1 type_text data color_link_inherit\"><span class=\"w-post-elm-value\"><\/span><\/div><span class=\"w-text usg_text_1\"><span class=\"w-text-h\"><span class=\"w-text-value\">&#8211;<\/span><\/span><\/span><div class=\"w-post-elm post_custom_field usg_post_custom_field_2 type_text egilea color_link_inherit\"><span class=\"w-post-elm-value\"><\/span><\/div><\/div>\t\t<\/div>\r\n\t\t\t<\/article>\r\n\t<article class=\"w-grid-item size_1x1 post-5372934 post type-post status-publish format-standard has-post-thumbnail hentry category-noticias\" data-id=\"5372934\">\r\n\t\t<div class=\"w-grid-item-h\">\r\n\t\t\t\t\t\t<h3 class=\"w-post-elm post_title usg_post_title_1 entry-title color_link_inherit\"><a href=\"https:\/\/uzei.eus\/es\/san-juan-baleontziaren-lexikoa-el-comienzo-de-un-proyecto-que-combina-patrimonio-maritimo-lengua-y-trabajo-colaborativo\/\">\u00abSan Juan baleontziaren lexikoa\u00bb, el comienzo de un proyecto que combina patrimonio mar\u00edtimo, lengua y trabajo colaborativo<\/a><\/h3><div class=\"w-hwrapper usg_hwrapper_1 align_none valign_top\"><div class=\"w-post-elm post_custom_field usg_post_custom_field_1 type_text data color_link_inherit\"><span class=\"w-post-elm-value\"><\/span><\/div><span class=\"w-text usg_text_1\"><span class=\"w-text-h\"><span class=\"w-text-value\">&#8211;<\/span><\/span><\/span><div class=\"w-post-elm post_custom_field usg_post_custom_field_2 type_text egilea color_link_inherit\"><span class=\"w-post-elm-value\"><\/span><\/div><\/div>\t\t<\/div>\r\n\t\t\t<\/article>\r\n\t<article class=\"w-grid-item size_1x1 post-5372908 post type-post status-publish format-standard has-post-thumbnail hentry category-recomendaciones\" data-id=\"5372908\">\r\n\t\t<div class=\"w-grid-item-h\">\r\n\t\t\t\t\t\t<h3 class=\"w-post-elm post_title usg_post_title_1 entry-title color_link_inherit\"><a href=\"https:\/\/uzei.eus\/es\/o-23ko-estatu-kolpea-idazkera-gomendioak\/\">\u00abO-23ko estatu-kolpea\u00bb: idazkera-gomendioak<\/a><\/h3><div class=\"w-hwrapper usg_hwrapper_1 align_none valign_top\"><div class=\"w-post-elm post_custom_field usg_post_custom_field_1 type_text data color_link_inherit\"><span class=\"w-post-elm-value\"><\/span><\/div><span class=\"w-text usg_text_1\"><span class=\"w-text-h\"><span class=\"w-text-value\">&#8211;<\/span><\/span><\/span><div class=\"w-post-elm post_custom_field usg_post_custom_field_2 type_text egilea color_link_inherit\"><span class=\"w-post-elm-value\"><\/span><\/div><\/div>\t\t<\/div>\r\n\t\t\t<\/article>\r\n\t<article class=\"w-grid-item size_1x1 post-5372859 post type-post status-publish format-standard has-post-thumbnail hentry category-recomendaciones\" data-id=\"5372859\">\r\n\t\t<div class=\"w-grid-item-h\">\r\n\t\t\t\t\t\t<h3 class=\"w-post-elm post_title usg_post_title_1 entry-title color_link_inherit\"><a href=\"https:\/\/uzei.eus\/es\/san-blas-eguna-eta-sanblasak-erabilera-gomendioa\/\">San Blas eguna eta \u00absanblasak\u00bb: erabilera-gomendioa<\/a><\/h3><div class=\"w-hwrapper usg_hwrapper_1 align_none valign_top\"><div class=\"w-post-elm post_custom_field usg_post_custom_field_1 type_text data color_link_inherit\"><span class=\"w-post-elm-value\"><\/span><\/div><span class=\"w-text usg_text_1\"><span class=\"w-text-h\"><span class=\"w-text-value\">&#8211;<\/span><\/span><\/span><div class=\"w-post-elm post_custom_field usg_post_custom_field_2 type_text egilea color_link_inherit\"><span class=\"w-post-elm-value\"><\/span><\/div><\/div>\t\t<\/div>\r\n\t\t\t<\/article>\r\n\t<article class=\"w-grid-item size_1x1 post-5372836 post type-post status-publish format-standard has-post-thumbnail hentry category-recomendaciones\" data-id=\"5372836\">\r\n\t\t<div class=\"w-grid-item-h\">\r\n\t\t\t\t\t\t<h3 class=\"w-post-elm post_title usg_post_title_1 entry-title color_link_inherit\"><a href=\"https:\/\/uzei.eus\/es\/nola-idatzi-fenomeno-meteorologikoen-izen-bereziak\/\">Nola idatzi fenomeno meteorologikoen izen bereziak<\/a><\/h3><div class=\"w-hwrapper usg_hwrapper_1 align_none valign_top\"><div class=\"w-post-elm post_custom_field usg_post_custom_field_1 type_text data color_link_inherit\"><span class=\"w-post-elm-value\"><\/span><\/div><span class=\"w-text usg_text_1\"><span class=\"w-text-h\"><span class=\"w-text-value\">&#8211;<\/span><\/span><\/span><div class=\"w-post-elm post_custom_field usg_post_custom_field_2 type_text egilea color_link_inherit\"><span class=\"w-post-elm-value\"><\/span><\/div><\/div>\t\t<\/div>\r\n\t\t\t<\/article>\r\n\t<article class=\"w-grid-item size_1x1 post-5372816 post type-post status-publish format-standard has-post-thumbnail hentry category-recomendaciones\" data-id=\"5372816\">\r\n\t\t<div class=\"w-grid-item-h\">\r\n\t\t\t\t\t\t<h3 class=\"w-post-elm post_title usg_post_title_1 entry-title color_link_inherit\"><a href=\"https:\/\/uzei.eus\/es\/tenor-eta-tenore-erabilera-gomendioa\/\">\u00abTenor\u00bb eta \u00abtenore\u00bb: erabilera-gomendioa<\/a><\/h3><div class=\"w-hwrapper usg_hwrapper_1 align_none valign_top\"><div class=\"w-post-elm post_custom_field usg_post_custom_field_1 type_text data color_link_inherit\"><span class=\"w-post-elm-value\"><\/span><\/div><span class=\"w-text usg_text_1\"><span class=\"w-text-h\"><span class=\"w-text-value\">&#8211;<\/span><\/span><\/span><div class=\"w-post-elm post_custom_field usg_post_custom_field_2 type_text egilea color_link_inherit\"><span class=\"w-post-elm-value\"><\/span><\/div><\/div>\t\t<\/div>\r\n\t\t\t<\/article>\r\n\t<article class=\"w-grid-item size_1x1 post-5372800 post type-post status-publish format-standard has-post-thumbnail hentry category-recomendaciones\" data-id=\"5372800\">\r\n\t\t<div class=\"w-grid-item-h\">\r\n\t\t\t\t\t\t<h3 class=\"w-post-elm post_title usg_post_title_1 entry-title color_link_inherit\"><a href=\"https:\/\/uzei.eus\/es\/aurreko-urte-eta-iaz-erabilera-gomendioa\/\">\u00abAurreko urte\u00bb eta \u00abiaz\u00bb: erabilera-gomendioa<\/a><\/h3><div class=\"w-hwrapper usg_hwrapper_1 align_none valign_top\"><div class=\"w-post-elm post_custom_field usg_post_custom_field_1 type_text data color_link_inherit\"><span class=\"w-post-elm-value\"><\/span><\/div><span class=\"w-text usg_text_1\"><span class=\"w-text-h\"><span class=\"w-text-value\">&#8211;<\/span><\/span><\/span><div class=\"w-post-elm post_custom_field usg_post_custom_field_2 type_text egilea color_link_inherit\"><span class=\"w-post-elm-value\"><\/span><\/div><\/div>\t\t<\/div>\r\n\t\t\t<\/article>\r\n\t<article class=\"w-grid-item size_1x1 post-5372753 post type-post status-publish format-standard has-post-thumbnail hentry category-recomendaciones\" data-id=\"5372753\">\r\n\t\t<div class=\"w-grid-item-h\">\r\n\t\t\t\t\t\t<h3 class=\"w-post-elm post_title usg_post_title_1 entry-title color_link_inherit\"><a href=\"https:\/\/uzei.eus\/es\/urtezahar-eta-gabon-zahar-sinonimo-egokiak\/\">\u00abUrtezahar\u00bb eta \u00abGabon zahar\u00bb, sinonimo egokiak<\/a><\/h3><div class=\"w-hwrapper usg_hwrapper_1 align_none valign_top\"><div class=\"w-post-elm post_custom_field usg_post_custom_field_1 type_text data color_link_inherit\"><span class=\"w-post-elm-value\"><\/span><\/div><span class=\"w-text usg_text_1\"><span class=\"w-text-h\"><span class=\"w-text-value\">&#8211;<\/span><\/span><\/span><div class=\"w-post-elm post_custom_field usg_post_custom_field_2 type_text egilea color_link_inherit\"><span class=\"w-post-elm-value\"><\/span><\/div><\/div>\t\t<\/div>\r\n\t\t\t<\/article>\r\n\t<article class=\"w-grid-item size_1x1 post-5372710 post type-post status-publish format-standard has-post-thumbnail hentry category-recomendaciones\" data-id=\"5372710\">\r\n\t\t<div class=\"w-grid-item-h\">\r\n\t\t\t\t\t\t<h3 class=\"w-post-elm post_title usg_post_title_1 entry-title color_link_inherit\"><a href=\"https:\/\/uzei.eus\/es\/ikusgarritasun-eta-ikusgaitasun\/\">\u00abIkusgarritasun\u00bb eta \u00abikusgaitasun\u00bb<\/a><\/h3><div class=\"w-hwrapper usg_hwrapper_1 align_none valign_top\"><div class=\"w-post-elm post_custom_field usg_post_custom_field_1 type_text data color_link_inherit\"><span class=\"w-post-elm-value\"><\/span><\/div><span class=\"w-text usg_text_1\"><span class=\"w-text-h\"><span class=\"w-text-value\">&#8211;<\/span><\/span><\/span><div class=\"w-post-elm post_custom_field usg_post_custom_field_2 type_text egilea color_link_inherit\"><span class=\"w-post-elm-value\"><\/span><\/div><\/div>\t\t<\/div>\r\n\t\t\t<\/article>\r\n\t<article class=\"w-grid-item size_1x1 post-5372676 post type-post status-publish format-standard has-post-thumbnail hentry category-noticias category-urteko-hitzak-es\" data-id=\"5372676\">\r\n\t\t<div class=\"w-grid-item-h\">\r\n\t\t\t\t\t\t<h3 class=\"w-post-elm post_title usg_post_title_1 entry-title color_link_inherit\"><a href=\"https:\/\/uzei.eus\/es\/2025ekohitzak\/\">2025eko 25 hitz<\/a><\/h3><div class=\"w-hwrapper usg_hwrapper_1 align_none valign_top\"><div class=\"w-post-elm post_custom_field usg_post_custom_field_1 type_text data color_link_inherit\"><span class=\"w-post-elm-value\"><\/span><\/div><span class=\"w-text usg_text_1\"><span class=\"w-text-h\"><span class=\"w-text-value\">&#8211;<\/span><\/span><\/span><div class=\"w-post-elm post_custom_field usg_post_custom_field_2 type_text egilea color_link_inherit\"><span class=\"w-post-elm-value\"><\/span><\/div><\/div>\t\t<\/div>\r\n\t\t\t<\/article>\r\n\t<article class=\"w-grid-item size_1x1 post-5372582 post type-post status-publish format-standard has-post-thumbnail hentry category-neologismoak-es category-noticias\" data-id=\"5372582\">\r\n\t\t<div class=\"w-grid-item-h\">\r\n\t\t\t\t\t\t<h3 class=\"w-post-elm post_title usg_post_title_1 entry-title color_link_inherit\"><a href=\"https:\/\/uzei.eus\/es\/gaikako-sailkapen-berria-neolotekan-bilaketak-errazteko\/\">Gaikako sailkapen berria Neolotekan, bilaketak errazteko<\/a><\/h3><div class=\"w-hwrapper usg_hwrapper_1 align_none valign_top\"><div class=\"w-post-elm post_custom_field usg_post_custom_field_1 type_text data color_link_inherit\"><span class=\"w-post-elm-value\"><\/span><\/div><span class=\"w-text usg_text_1\"><span class=\"w-text-h\"><span class=\"w-text-value\">&#8211;<\/span><\/span><\/span><div class=\"w-post-elm post_custom_field usg_post_custom_field_2 type_text egilea color_link_inherit\"><span class=\"w-post-elm-value\"><\/span><\/div><\/div>\t\t<\/div>\r\n\t\t\t<\/article>\r\n<\/div>\t<div class=\"w-grid-preloader\">\r\n\t\t<div class=\"g-preloader type_2\">\r\n\t\t\t<div><\/div>\r\n\t\t<\/div>\r\n\t<\/div>\r\n\t\t\t\t<div class=\"g-loadmore \">\r\n\t\t\t\t<div class=\"g-preloader type_2\">\r\n\t\t\t\t\t<div><\/div>\r\n\t\t\t\t<\/div>\r\n\t\t\t\t<button class=\"w-btn us-btn-style_1\">\r\n\t\t\t\t\t<span class=\"w-btn-label\">Cargar m\u00e1s<\/span>\r\n\t\t\t\t<\/button>\r\n\t\t\t<\/div>\r\n\t\t\t\t<div class=\"w-grid-json hidden\" onclick='return {&quot;action&quot;:&quot;us_ajax_grid&quot;,&quot;infinite_scroll&quot;:true,&quot;max_num_pages&quot;:10,&quot;pagination&quot;:&quot;ajax&quot;,&quot;template_vars&quot;:{&quot;columns&quot;:&quot;1&quot;,&quot;exclude_items&quot;:&quot;none&quot;,&quot;img_size&quot;:&quot;default&quot;,&quot;ignore_items_size&quot;:0,&quot;items_layout&quot;:&quot;2870&quot;,&quot;items_offset&quot;:&quot;1&quot;,&quot;load_animation&quot;:&quot;none&quot;,&quot;overriding_link&quot;:&quot;{\\&quot;url\\&quot;:\\&quot;\\&quot;}&quot;,&quot;post_id&quot;:0,&quot;query_args&quot;:{&quot;posts_per_page&quot;:&quot;12&quot;},&quot;orderby_query_args&quot;:{&quot;orderby&quot;:&quot;custom_field&quot;,&quot;meta_key&quot;:&quot;data&quot;,&quot;order&quot;:&quot;DESC&quot;},&quot;type&quot;:&quot;grid&quot;,&quot;us_grid_post_type&quot;:&quot;berba&quot;,&quot;us_grid_ajax_index&quot;:1,&quot;us_grid_filter_query_string&quot;:null,&quot;us_grid_index&quot;:1,&quot;page_args&quot;:[],&quot;lang&quot;:&quot;es&quot;}}'><\/div>\r\n\t<\/div><\/div><\/div><\/div><\/div><\/div><\/section>\n","protected":false},"excerpt":{"rendered":"Euskarazko hitz eta esamolde berriak biltzen dituen ataria da Neoloteka. Bertan orain arte kontsultagai dauden neologismo bakoitzari gaiaren araberako sailkapena esleitu diogu, erabiltzaileek bilaketa tematikoak egin ahal ditzaten. Adibidez, ingurumenari buruzko edo feminismoari eta berdintasunari buruzko neologismo guztiak bilatu ahal izango dira lehen aldiz. UZEIren Neolotekak gero eta sarrera gehiago dituen neurrian, are beharrezkoagoa zen...","protected":false},"author":1,"featured_media":0,"parent":0,"menu_order":0,"comment_status":"closed","ping_status":"closed","template":"","meta":{"_acf_changed":false,"footnotes":""},"class_list":["post-5366768","page","type-page","status-publish","hentry"],"acf":[],"_links":{"self":[{"href":"https:\/\/uzei.eus\/es\/wp-json\/wp\/v2\/pages\/5366768","targetHints":{"allow":["GET"]}}],"collection":[{"href":"https:\/\/uzei.eus\/es\/wp-json\/wp\/v2\/pages"}],"about":[{"href":"https:\/\/uzei.eus\/es\/wp-json\/wp\/v2\/types\/page"}],"author":[{"embeddable":true,"href":"https:\/\/uzei.eus\/es\/wp-json\/wp\/v2\/users\/1"}],"replies":[{"embeddable":true,"href":"https:\/\/uzei.eus\/es\/wp-json\/wp\/v2\/comments?post=5366768"}],"version-history":[{"count":0,"href":"https:\/\/uzei.eus\/es\/wp-json\/wp\/v2\/pages\/5366768\/revisions"}],"wp:attachment":[{"href":"https:\/\/uzei.eus\/es\/wp-json\/wp\/v2\/media?parent=5366768"}],"curies":[{"name":"wp","href":"https:\/\/api.w.org\/{rel}","templated":true}]}}