{"id":5366765,"date":"2022-09-02T13:03:09","date_gmt":"2022-09-02T12:03:09","guid":{"rendered":"https:\/\/uzei.eus\/eulex\/"},"modified":"2025-02-13T13:16:55","modified_gmt":"2025-02-13T12:16:55","slug":"eulex","status":"publish","type":"page","link":"https:\/\/uzei.eus\/es\/idi\/eulex\/","title":{"rendered":"euLEX"},"content":{"rendered":"<section class=\"l-section wpb_row height_medium\"><div class=\"l-section-h i-cf\"><div class=\"g-cols vc_row via_flex valign_top type_default stacking_default\"><div class=\"vc_col-sm-12 wpb_column vc_column_container\"><div class=\"vc_column-inner\"><div class=\"wpb_wrapper\"><h2 class=\"w-post-elm post_title entry-title color_link_inherit\">euLEX<\/h2><div class=\"wpb_text_column\"><div class=\"wpb_wrapper\"><p><strong>Base de datos l\u00e9xica del euskera<\/strong><\/p>\n<p><span id=\"translation_box\" class=\"form-control-text textarea\" role=\"textbox\"><strong>euLEX<\/strong> es la base de datos l\u00e9xica del euskera, un recurso ling\u00fc\u00edstico b\u00e1sico creado por UZEI para el tratamiento autom\u00e1tico del euskera. Sin duda, <strong>euLEX<\/strong> es el l\u00e9xico m\u00e1s completo y actualizado en euskera, lo que lo convierte en un pilar esencial para garantizar la utilidad del resto de herramientas ling\u00fc\u00edsticas que UZEI ha desarrollado a partir de esta base de datos.<\/span><\/p>\n<p><strong>euLEX<\/strong> es el lexic\u00f3n etiquetado esencial para el funcionamiento de todas las herramientas y productos PLN (analizadores, lematizadores, correctores, buscadores, extractores de t\u00e9rminos, clasificadores de temas\u2026) desarrollados por UZEI para el euskera.<\/p>\n<\/div><\/div><div class=\"w-separator size_small\"><\/div><div class=\"w-image align_center\"><div class=\"w-image-h\"><img decoding=\"async\" width=\"1918\" height=\"881\" src=\"https:\/\/uzei.eus\/wp-content\/uploads\/2022\/09\/euLEX-1.png\" class=\"attachment-full size-full\" alt=\"\" loading=\"lazy\" srcset=\"https:\/\/uzei.eus\/wp-content\/uploads\/2022\/09\/euLEX-1.png 1918w, https:\/\/uzei.eus\/wp-content\/uploads\/2022\/09\/euLEX-1-300x138.png 300w, https:\/\/uzei.eus\/wp-content\/uploads\/2022\/09\/euLEX-1-1024x470.png 1024w, https:\/\/uzei.eus\/wp-content\/uploads\/2022\/09\/euLEX-1-600x276.png 600w, https:\/\/uzei.eus\/wp-content\/uploads\/2022\/09\/euLEX-1-1043x479.png 1043w, https:\/\/uzei.eus\/wp-content\/uploads\/2022\/09\/euLEX-1-294x135.png 294w\" sizes=\"auto, (max-width: 1918px) 100vw, 1918px\" \/><\/div><\/div><div class=\"w-separator size_small\"><\/div><div class=\"wpb_text_column\"><div class=\"wpb_wrapper\"><p>Cuenta con cerca de 160.000 entradas de informaci\u00f3n l\u00e9xica, morfosint\u00e1ctica e informaci\u00f3n sem\u00e1ntica b\u00e1sica. Se actualiza de forma constante siguiendo las normas y criterios publicados por Euskaltzaindia y la Comisi\u00f3n de Terminolog\u00eda.<\/p>\n<p>Adem\u00e1s, incorpora las formas de uso preferente o recomendadas por esas autoridades ling\u00fc\u00edsticas, no solo registrando las formas aceptadas, sino tambi\u00e9n aquellas que son menos adecuadas o cuyo uso est\u00e1 desaconsejado, remitiendo, en esos casos, a la formas recomendadas.<\/p>\n<\/div><\/div><\/div><\/div><\/div><\/div><\/div><\/section>\n","protected":false},"excerpt":{"rendered":"euLEXBase de datos l\u00e9xica del euskera euLEX es la base de datos l\u00e9xica del euskera, un recurso ling\u00fc\u00edstico b\u00e1sico creado por UZEI para el tratamiento autom\u00e1tico del euskera. Sin duda, euLEX es el l\u00e9xico m\u00e1s completo y actualizado en euskera, lo que lo convierte en un pilar esencial para garantizar la utilidad del resto de...","protected":false},"author":1,"featured_media":0,"parent":5366786,"menu_order":0,"comment_status":"closed","ping_status":"closed","template":"","meta":{"_acf_changed":false,"footnotes":""},"class_list":["post-5366765","page","type-page","status-publish","hentry"],"acf":[],"_links":{"self":[{"href":"https:\/\/uzei.eus\/es\/wp-json\/wp\/v2\/pages\/5366765","targetHints":{"allow":["GET"]}}],"collection":[{"href":"https:\/\/uzei.eus\/es\/wp-json\/wp\/v2\/pages"}],"about":[{"href":"https:\/\/uzei.eus\/es\/wp-json\/wp\/v2\/types\/page"}],"author":[{"embeddable":true,"href":"https:\/\/uzei.eus\/es\/wp-json\/wp\/v2\/users\/1"}],"replies":[{"embeddable":true,"href":"https:\/\/uzei.eus\/es\/wp-json\/wp\/v2\/comments?post=5366765"}],"version-history":[{"count":4,"href":"https:\/\/uzei.eus\/es\/wp-json\/wp\/v2\/pages\/5366765\/revisions"}],"predecessor-version":[{"id":5371874,"href":"https:\/\/uzei.eus\/es\/wp-json\/wp\/v2\/pages\/5366765\/revisions\/5371874"}],"up":[{"embeddable":true,"href":"https:\/\/uzei.eus\/es\/wp-json\/wp\/v2\/pages\/5366786"}],"wp:attachment":[{"href":"https:\/\/uzei.eus\/es\/wp-json\/wp\/v2\/media?parent=5366765"}],"curies":[{"name":"wp","href":"https:\/\/api.w.org\/{rel}","templated":true}]}}