{"id":5366764,"date":"2022-09-02T13:12:19","date_gmt":"2022-09-02T12:12:19","guid":{"rendered":"https:\/\/uzei.eus\/eslex\/"},"modified":"2023-02-24T13:36:05","modified_gmt":"2023-02-24T12:36:05","slug":"eslex","status":"publish","type":"page","link":"https:\/\/uzei.eus\/es\/idi\/eslex\/","title":{"rendered":"esLEX"},"content":{"rendered":"<section class=\"l-section wpb_row height_medium\"><div class=\"l-section-h i-cf\"><div class=\"g-cols vc_row via_flex valign_top type_default stacking_default\"><div class=\"vc_col-sm-12 wpb_column vc_column_container\"><div class=\"vc_column-inner\"><div class=\"wpb_wrapper\"><h2 class=\"w-post-elm post_title entry-title color_link_inherit\">esLEX<\/h2><div class=\"wpb_text_column\"><div class=\"wpb_wrapper\"><p><strong>La base de datos lexical de espa\u00f1ol<\/strong><\/p>\n<p><strong>esLEX<\/strong> es una base de datos l\u00e9xica del espa\u00f1ol, que contiene unas 132.000 entradas. Se actualiza constantemente con las normas y recomendaciones de la Real Academia Espa\u00f1ola, as\u00ed como con los neologismos detectados por UZEI en los medios de comunicaci\u00f3n.<\/p>\n<p>Constituye la base del analizador morfol\u00f3gico del espa\u00f1ol, junto con la gram\u00e1tica para la morfolog\u00eda de dos niveles.<\/p>\n<p><strong>esLEX<\/strong>, al igual que su equivalente para el euskera (euLEX), contiene tanto l\u00e9xico general como especializado, y es, a su vez, una base fundamental para los recursos de PLN desarrollados por UZEI para el espa\u00f1ol.<\/p>\n<\/div><\/div><div class=\"w-separator size_small\"><\/div><div class=\"w-image align_center\"><div class=\"w-image-h\"><img decoding=\"async\" width=\"1583\" height=\"742\" src=\"https:\/\/uzei.eus\/wp-content\/uploads\/2022\/09\/esLex-1.png\" class=\"attachment-full size-full\" alt=\"\" loading=\"lazy\" srcset=\"https:\/\/uzei.eus\/wp-content\/uploads\/2022\/09\/esLex-1.png 1583w, https:\/\/uzei.eus\/wp-content\/uploads\/2022\/09\/esLex-1-300x141.png 300w, https:\/\/uzei.eus\/wp-content\/uploads\/2022\/09\/esLex-1-1024x480.png 1024w, https:\/\/uzei.eus\/wp-content\/uploads\/2022\/09\/esLex-1-600x281.png 600w, https:\/\/uzei.eus\/wp-content\/uploads\/2022\/09\/esLex-1-1022x479.png 1022w, https:\/\/uzei.eus\/wp-content\/uploads\/2022\/09\/esLex-1-294x138.png 294w\" sizes=\"auto, (max-width: 1583px) 100vw, 1583px\" \/><\/div><\/div><\/div><\/div><\/div><\/div><\/div><\/section>\n","protected":false},"excerpt":{"rendered":"esLEXLa base de datos lexical de espa\u00f1ol esLEX es una base de datos l\u00e9xica del espa\u00f1ol, que contiene unas 132.000 entradas. Se actualiza constantemente con las normas y recomendaciones de la Real Academia Espa\u00f1ola, as\u00ed como con los neologismos detectados por UZEI en los medios de comunicaci\u00f3n. Constituye la base del analizador morfol\u00f3gico del espa\u00f1ol,...","protected":false},"author":1,"featured_media":0,"parent":5366786,"menu_order":0,"comment_status":"closed","ping_status":"closed","template":"","meta":{"_acf_changed":false,"footnotes":""},"class_list":["post-5366764","page","type-page","status-publish","hentry"],"acf":[],"_links":{"self":[{"href":"https:\/\/uzei.eus\/es\/wp-json\/wp\/v2\/pages\/5366764","targetHints":{"allow":["GET"]}}],"collection":[{"href":"https:\/\/uzei.eus\/es\/wp-json\/wp\/v2\/pages"}],"about":[{"href":"https:\/\/uzei.eus\/es\/wp-json\/wp\/v2\/types\/page"}],"author":[{"embeddable":true,"href":"https:\/\/uzei.eus\/es\/wp-json\/wp\/v2\/users\/1"}],"replies":[{"embeddable":true,"href":"https:\/\/uzei.eus\/es\/wp-json\/wp\/v2\/comments?post=5366764"}],"version-history":[{"count":4,"href":"https:\/\/uzei.eus\/es\/wp-json\/wp\/v2\/pages\/5366764\/revisions"}],"predecessor-version":[{"id":5368669,"href":"https:\/\/uzei.eus\/es\/wp-json\/wp\/v2\/pages\/5366764\/revisions\/5368669"}],"up":[{"embeddable":true,"href":"https:\/\/uzei.eus\/es\/wp-json\/wp\/v2\/pages\/5366786"}],"wp:attachment":[{"href":"https:\/\/uzei.eus\/es\/wp-json\/wp\/v2\/media?parent=5366764"}],"curies":[{"name":"wp","href":"https:\/\/api.w.org\/{rel}","templated":true}]}}