{"id":5366763,"date":"2022-09-05T08:15:55","date_gmt":"2022-09-05T07:15:55","guid":{"rendered":"https:\/\/uzei.eus\/uth\/"},"modified":"2023-02-24T13:02:20","modified_gmt":"2023-02-24T12:02:20","slug":"uth","status":"publish","type":"page","link":"https:\/\/uzei.eus\/es\/idi\/uth\/","title":{"rendered":"UTH"},"content":{"rendered":"<section class=\"l-section wpb_row height_medium\"><div class=\"l-section-h i-cf\"><div class=\"g-cols vc_row via_flex valign_top type_default stacking_default\"><div class=\"vc_col-sm-12 wpb_column vc_column_container\"><div class=\"vc_column-inner\"><div class=\"wpb_wrapper\"><h2 class=\"w-post-elm post_title entry-title color_link_inherit\">UTH<\/h2><div class=\"wpb_text_column\"><div class=\"wpb_wrapper\"><p><strong><span id=\"translation_box\" class=\"form-control-text textarea\" role=\"textbox\">El diccionario terminol\u00f3gico de UZEI<\/span><\/strong><\/p>\n<p>En tanto que centro terminol\u00f3gico, desde su creaci\u00f3n, UZEI ha llevado un control exhaustivo de las decisiones terminol\u00f3gicas que ha adaptado en la elaboraci\u00f3n de los diccionarios.<\/p>\n<p>El <strong>UTH<\/strong> es una recopilaci\u00f3n de estas decisiones que incluye miles de fichas etiquetadas para el PLN.<\/p>\n<p>Es una herramienta imprescindible para el equipo de terminolog\u00eda de UZEI, ya que adem\u00e1s de recopilar informaci\u00f3n permanentemente actualizada sobre las normas y recomendaciones ling\u00fc\u00edsticas vigentes, tambi\u00e9n permite documentar las decisiones que ha adoptado la Comisi\u00f3n de Homologaci\u00f3n del Departamento de Terminolog\u00eda de UZEI. Se trata, por tanto, de una base de datos actualizada e hist\u00f3rica.<\/p>\n<p>Por ello, el <strong>UTH<\/strong> contribuye a garantizar la solidez de las propuestas terminol\u00f3gicas que UZEI realiza en sus diccionarios.<\/p>\n<p>El <strong>UTH<\/strong> constituye tambi\u00e9n la base de una serie de recursos de PLN desarrollados por UZEI, y es imprescindible para que los <em>outputs<\/em> de esos recursos sean coherentes con los criterios lexicogr\u00e1ficos y terminol\u00f3gicos<\/p>\n<\/div><\/div><\/div><\/div><\/div><\/div><\/div><\/section>\n","protected":false},"excerpt":{"rendered":"UTHEl diccionario terminol\u00f3gico de UZEI En tanto que centro terminol\u00f3gico, desde su creaci\u00f3n, UZEI ha llevado un control exhaustivo de las decisiones terminol\u00f3gicas que ha adaptado en la elaboraci\u00f3n de los diccionarios. El UTH es una recopilaci\u00f3n de estas decisiones que incluye miles de fichas etiquetadas para el PLN. Es una herramienta imprescindible para el...","protected":false},"author":1,"featured_media":0,"parent":5366786,"menu_order":0,"comment_status":"closed","ping_status":"closed","template":"","meta":{"_acf_changed":false,"footnotes":""},"class_list":["post-5366763","page","type-page","status-publish","hentry"],"acf":[],"_links":{"self":[{"href":"https:\/\/uzei.eus\/es\/wp-json\/wp\/v2\/pages\/5366763","targetHints":{"allow":["GET"]}}],"collection":[{"href":"https:\/\/uzei.eus\/es\/wp-json\/wp\/v2\/pages"}],"about":[{"href":"https:\/\/uzei.eus\/es\/wp-json\/wp\/v2\/types\/page"}],"author":[{"embeddable":true,"href":"https:\/\/uzei.eus\/es\/wp-json\/wp\/v2\/users\/1"}],"replies":[{"embeddable":true,"href":"https:\/\/uzei.eus\/es\/wp-json\/wp\/v2\/comments?post=5366763"}],"version-history":[{"count":4,"href":"https:\/\/uzei.eus\/es\/wp-json\/wp\/v2\/pages\/5366763\/revisions"}],"predecessor-version":[{"id":5368662,"href":"https:\/\/uzei.eus\/es\/wp-json\/wp\/v2\/pages\/5366763\/revisions\/5368662"}],"up":[{"embeddable":true,"href":"https:\/\/uzei.eus\/es\/wp-json\/wp\/v2\/pages\/5366786"}],"wp:attachment":[{"href":"https:\/\/uzei.eus\/es\/wp-json\/wp\/v2\/media?parent=5366763"}],"curies":[{"name":"wp","href":"https:\/\/api.w.org\/{rel}","templated":true}]}}