{"id":5366761,"date":"2022-09-05T08:23:55","date_gmt":"2022-09-05T07:23:55","guid":{"rendered":"https:\/\/uzei.eus\/eslema\/"},"modified":"2023-02-24T13:48:38","modified_gmt":"2023-02-24T12:48:38","slug":"eslema","status":"publish","type":"page","link":"https:\/\/uzei.eus\/es\/idi\/eslema\/","title":{"rendered":"esLEMA"},"content":{"rendered":"<section class=\"l-section wpb_row us_custom_5bf2a249 height_auto\" id=\"online\"><div class=\"l-section-h i-cf\"><div class=\"g-cols vc_row via_flex valign_top type_default stacking_default\"><div class=\"vc_col-sm-12 wpb_column vc_column_container\"><div class=\"vc_column-inner\"><div class=\"wpb_wrapper\">[vc_custom_heading text=\u00bbOnline kontsulta\u00bb use_theme_fonts=\u00bbyes\u00bb][vc_raw_html]JTVCZXhsZW1hLWRlbW8lMjBsYW5nJTNEJTI3ZXMlMjclNUQ=[\/vc_raw_html]<\/div><\/div><\/div><\/div><\/div><\/section><section class=\"l-section wpb_row height_medium\"><div class=\"l-section-h i-cf\"><div class=\"g-cols vc_row via_flex valign_top type_default stacking_default\"><div class=\"vc_col-sm-12 wpb_column vc_column_container\"><div class=\"vc_column-inner\"><div class=\"wpb_wrapper\"><h2 class=\"w-post-elm post_title entry-title color_link_inherit\">esLEMA<\/h2><div class=\"wpb_text_column\"><div class=\"wpb_wrapper\"><p><strong>El lematizador para espa\u00f1ol<\/strong><\/p>\n<p>Aunque existen lematizadores de c\u00f3digo abierto para espa\u00f1ol disponibles gratuitamente, UZEI ha optado por desarrollar su propio lematizador para garantizar la calidad y precisi\u00f3n en el resultado de lematizaci\u00f3n.<\/p>\n<p>Ello aporta un valor a\u00f1adido a las herramientas de PLN desarrolladas por UZEI, que se basan en sus lematizadores propios, euLEMA y <strong>esLEMA<\/strong>.<\/p>\n<p>En efecto, el hecho de que estos dos lematizadores est\u00e9n basados en reglas y m\u00e9todos equivalentes garantiza que la calidad del procesamiento de los corpus es homologable tanto en euskera como en castellano.<\/p>\n<p>La base de datos l\u00e9xica del espa\u00f1ol esLEX se basa, entre otros, en el lematizador <strong>esLEMA<\/strong>. Al igual que el lematizador para el euskera, est\u00e1 basado en una morfolog\u00eda de dos niveles y aut\u00f3matas de estados finitos.<\/p>\n<\/div><\/div><\/div><\/div><\/div><\/div><\/div><\/section>\n","protected":false},"excerpt":{"rendered":"[vc_custom_heading text=\"Online kontsulta\" use_theme_fonts=\"yes\"][vc_raw_html]JTVCZXhsZW1hLWRlbW8lMjBsYW5nJTNEJTI3ZXMlMjclNUQ=[\/vc_raw_html]esLEMAEl lematizador para espa\u00f1ol Aunque existen lematizadores de c\u00f3digo abierto para espa\u00f1ol disponibles gratuitamente, UZEI ha optado por desarrollar su propio lematizador para garantizar la calidad y precisi\u00f3n en el resultado de lematizaci\u00f3n. Ello aporta un valor a\u00f1adido a las herramientas de PLN desarrolladas por UZEI, que se basan en sus lematizadores...","protected":false},"author":1,"featured_media":0,"parent":5366786,"menu_order":0,"comment_status":"closed","ping_status":"closed","template":"","meta":{"_acf_changed":false,"footnotes":""},"class_list":["post-5366761","page","type-page","status-publish","hentry"],"acf":[],"_links":{"self":[{"href":"https:\/\/uzei.eus\/es\/wp-json\/wp\/v2\/pages\/5366761","targetHints":{"allow":["GET"]}}],"collection":[{"href":"https:\/\/uzei.eus\/es\/wp-json\/wp\/v2\/pages"}],"about":[{"href":"https:\/\/uzei.eus\/es\/wp-json\/wp\/v2\/types\/page"}],"author":[{"embeddable":true,"href":"https:\/\/uzei.eus\/es\/wp-json\/wp\/v2\/users\/1"}],"replies":[{"embeddable":true,"href":"https:\/\/uzei.eus\/es\/wp-json\/wp\/v2\/comments?post=5366761"}],"version-history":[{"count":2,"href":"https:\/\/uzei.eus\/es\/wp-json\/wp\/v2\/pages\/5366761\/revisions"}],"predecessor-version":[{"id":5368671,"href":"https:\/\/uzei.eus\/es\/wp-json\/wp\/v2\/pages\/5366761\/revisions\/5368671"}],"up":[{"embeddable":true,"href":"https:\/\/uzei.eus\/es\/wp-json\/wp\/v2\/pages\/5366786"}],"wp:attachment":[{"href":"https:\/\/uzei.eus\/es\/wp-json\/wp\/v2\/media?parent=5366761"}],"curies":[{"name":"wp","href":"https:\/\/api.w.org\/{rel}","templated":true}]}}